{"id":4996,"date":"2020-03-20T13:17:30","date_gmt":"2020-03-20T12:17:30","guid":{"rendered":"https:\/\/imedconcept.com\/?page_id=4996"},"modified":"2020-06-25T13:01:14","modified_gmt":"2020-06-25T11:01:14","slug":"datenschutz-und-cookie-richtlinien","status":"publish","type":"page","link":"https:\/\/imedconcept.com\/de\/datenschutz-und-cookie-richtlinien\/","title":{"rendered":"Datenschutz- und Cookie-Richtlinien"},"content":{"rendered":"<div class=\"wpb-content-wrapper\"><p>[vc_row css=&#8220;.vc_custom_1585807664976{border-top-width: 1px !important;border-right-width: 1px !important;border-bottom-width: 1px !important;border-left-width: 1px !important;padding-left: 15px !important;border-left-color: #e5e5e5 !important;border-left-style: solid !important;border-right-color: #e5e5e5 !important;border-right-style: solid !important;border-top-color: #e5e5e5 !important;border-top-style: solid !important;border-bottom-color: #e5e5e5 !important;border-bottom-style: solid !important;}&#8220; mobile_bg_img_hidden=&#8220;no&#8220; tablet_bg_img_hidden=&#8220;no&#8220; woodmart_parallax=&#8220;0&#8243; woodmart_gradient_switch=&#8220;no&#8220; row_reverse_mobile=&#8220;0&#8243; row_reverse_tablet=&#8220;0&#8243; woodmart_disable_overflow=&#8220;0&#8243;][vc_column][vc_column_text text_larger=&#8220;no&#8220;]<\/p>\n<h3>POLITYKA PRYWATNO\u015aCI I POLITYKA COOKIES<\/h3>\n<p>Szanowni Pa\u0144stwo,<br \/>\nod dnia 25 maja 2018 roku zmieni\u0142y si\u0119 przepisy z zakresu ochrony danych osobowych, gdy\u017c do stosowania wesz\u0142o unijne rozporz\u0105dzenie Parlamentu Europejskiego i Rady (UE 2016\/679 z dnia 27 kwietnia 2016 r. w sprawie ochrony os\u00f3b fizycznych w zwi\u0105zku z przetwarzaniem danych osobowych i w sprawie swobodnego przep\u0142ywu takich danych oraz uchylenia dyrektywy 95\/46\/WE \u2013 tzw. \u201eRODO\u201d oraz nowa ustawa o ochronie danych osobowych z dnia 10 maja 2018 roku (Dz. U. z 2018 r. poz. 1000).<\/p>\n<p>Priorytetowo traktujemy poufno\u015b\u0107 danych i ochron\u0119 prywatno\u015bci naszych U\u017cytkownik\u00f3w. Polityka prywatno\u015bci okre\u015bla zasady dotycz\u0105ce sposobu gromadzenia, przetwarzania i wykorzystywania danych osobowych U\u017cytkownik\u00f3w serwisu www.imedconcept.com prowadzonego przez Centrum Medyczne iMedConcept Jakub Podolec (\u201eiMedConcept\u201d).<\/p>\n<p>Wobec powy\u017cszego, zawiadamiamy Pa\u0144stwa, \u017ce wdro\u017cyli\u015bmy rozwi\u0105zania techniczne i organizacyjne maj\u0105ce<br \/>\nw odpowiedni spos\u00f3b chroni\u0107 Pa\u0144stwa dane osobowe, a nadto w celu wywi\u0105zania si\u0119 z obowi\u0105zk\u00f3w wynikaj\u0105cych z ww. przepis\u00f3w, zgodnie z art. 13 RODO chcieliby\u015bmy przekaza\u0107 Pa\u0144stwu najwa\u017cniejsze informacje dotycz\u0105ce zasad przetwarzania Pa\u0144stwa danych osobowych oraz przys\u0142uguj\u0105cych Pa\u0144stwu w tym zakresie praw:<\/p>\n<ol>\n<li>Administratorem danych osobowych pacjent\u00f3w serwisu www.imedconcept.com jest Centrum Medyczne IMEDCONCEPT Jakub Podolec (ul. Brzozowa 16, 32-080 Zabierz\u00f3w, NIP: 945 194 83 32, REGON: 122923983).<\/li>\n<li>Wype\u0142nienie formularza kontaktowego lub wniosku online w serwisie www. imedconcept.com oznacza przes\u0142anie danych osobowych znajduj\u0105cych si\u0119 w formularzu\/wniosku online do iMedConcept. Dane b\u0119d\u0105 przetwarzane przez iMedConcept w celu podj\u0119cia przez iMedConcept na Pana\/Pani wniosek niezb\u0119dnych dzia\u0142a\u0144 zwi\u0105zanych przekazaniem informacji, sprzeda\u017c\u0105 i marketingiem w\u0142asnych produkt\u00f3w i us\u0142ug iMedConcept na zasadach okre\u015blonych w Regulaminie. Pa\u0144stwa dane osobowe nie b\u0119d\u0105 przekazane przez iMedConcept podmiotom trzecim z zastrze\u017ceniem postanowie\u0144 ust.5 poni\u017cej.<\/li>\n<li>Podstaw\u0105 prawn\u0105 przetwarzania Pa\u0144stwa danych osobowych jest zawarta z iMedConcept umowa o \u015bwiadczenie us\u0142ug drog\u0105 elektroniczn\u0105. Podanie danych osobowych jest niezb\u0119dne do zawarcia umowy.<\/li>\n<li>Przetwarzamy Pani\/Pana dane osobowe, w zwi\u0105zku z charakterem prowadzonej przez nas dzia\u0142alno\u015bci gospodarczej, co na gruncie RODO stanowi nasz prawnie uzasadniony interes w ich przetwarzaniu lub te\u017c dlatego, \u017ce posiadamy Pani\/Pana zgod\u0119. iMedConcept informuje o przys\u0142uguj\u0105cym Pa\u0144stwu na podstawie art. 32 ustawy o ochronie danych osobowych prawie dost\u0119pu do swoich danych oraz ich poprawiania.<\/li>\n<li>Pani\/Pana dane osobowe w zwi\u0105zku z korzystaniem z us\u0142ugi Platformy www. imedconcept.com udost\u0119pniane s\u0105 przez administratora nast\u0119puj\u0105cym kategoriom podmiot\u00f3w: (i) naszym partnerom, kt\u00f3rzy wsp\u00f3\u0142pracuj\u0105 z administratorem w ramach prowadzonej przez niego dzia\u0142alno\u015bci gospodarczej, tj. w szczeg\u00f3lno\u015bci podmiotom \u015bwiadcz\u0105cym us\u0142ugi rejestracyjne, IT, finansowe, ksi\u0119gowe, prawne itp. oraz (ii) podmiotom uprawnionym na podstawie obowi\u0105zuj\u0105cych przepis\u00f3w prawa.<\/li>\n<li>Pani\/Pana dane osobowe s\u0105 przetwarzane na podstawie Pa\u0144stwa zgody\u2013 do czasu jej odwo\u0142ania.<\/li>\n<li>W przypadku przetwarzania danych osobowych na podstawie wyra\u017conej przez Pani\u0105\/Pana zgody, ka\u017cda taka zgoda mo\u017ce by\u0107 przez Pani\u0105\/Pana wycofana w dowolnym momencie. Cofni\u0119cie zgody pozostaje bez wp\u0142ywu na zgodno\u015b\u0107 z prawem przetwarzania, kt\u00f3re mia\u0142o miejsce przed jej cofni\u0119ciem.<\/li>\n<li>Przez okres, w kt\u00f3rym Pa\u0144stwa dane s\u0105 przetwarzane przys\u0142uguje Pa\u0144stwu prawo: (i) dost\u0119pu do Pani\/Pana danych osobowych, ich sprostowania (poprzez zak\u0142adk\u0119 \u201eEdytuj profil\u201d, kt\u00f3ra dost\u0119pna jest dla ka\u017cdego U\u017cytkownika po zalogowaniu si\u0119 na swoje konto utworzone na www. imedconcept.com), (ii) ograniczenia przetwarzania lub usuni\u0119cia danych, (iii) przeniesienia danych do innego administratora, (iv) prawo do wniesienia sprzeciwu wobec przetwarzania danych, (v) prawo wniesienia skargi do organu nadzorczego jakim jest Prezes Urz\u0119du Ochrony Danych Osobowych, ul. Stawki 2, 00-193 Warszawa.<\/li>\n<li>Pani\/Pana dane osobowe zebrane w zwi\u0105zku z korzystaniem przez Pani\u0105\/Pana z us\u0142ug telemedycznych iMedConcept przetwarzane w ramach Pani\/Pana dokumentacji medycznej musimy przechowywa\u0107 przez okres okre\u015blony w przepisach ustawy o prawach pacjenta i Rzeczniku Praw Pacjenta. W tym okresie nie b\u0119dziemy mogli zrealizowa\u0107 Pani\/Pana \u017c\u0105dania usuni\u0119cia danych.<\/li>\n<li>Podanie nam Pani\/Pana danych osobowych jest dobrowolne, ale wyja\u015bniamy, \u017ce bez Pani\/Pana danych \u015bwiadczenie us\u0142ug medycznych na Pani\/Pana rzecz mo\u017ce okaza\u0107 si\u0119 niemo\u017cliwe (np. podanie niekt\u00f3rych danych w tym np. imienia i nazwiska i adresu jest warunkiem \u015bwiadczenia przez nas us\u0142ug na Pani\/Pana rzecz) lub utrudnione (np. niepodanie nam danych w postaci maila czy telefonu uniemo\u017cliwi nam realizowanie kontaktu z ich wykorzystaniem).<\/li>\n<li>Serwery, z kt\u00f3rych korzystamy zlokalizowane s\u0105 na terenie EOG, nie zamierzamy przekazywa\u0107 Pani\/Pana danych osobowych poza ten obszar.12. Nie przetwarzamy Pani\/Pana danych osobowych w spos\u00f3b zautomatyzowany.<\/li>\n<li>W razie pyta\u0144 lub w\u0105tpliwo\u015bci dotycz\u0105cych niniejszej Polityki Prywatno\u015bci mo\u017ce Pani\/Pan skontaktowa\u0107 si\u0119 z iMedConcept wysy\u0142aj\u0105c zapytanie na adres: rejestracja@imedconcept.com. Aby u\u0142atwi\u0107 Pani\/Panu wykonywanie Pani\/Pana praw, w iMedConcept zosta\u0142 powo\u0142any Inspektor Ochrony Danych Osobowych, z kt\u00f3rym mo\u017ce Pani\/Pan skontaktowa\u0107 si\u0119 wysy\u0142aj\u0105c zapytanie na adres: m.golas-podolec@imedconcept.com<\/li>\n<li>Mamy nadziej\u0119, \u017ce b\u0119dziemy w stanie odpowiedzie\u0107 na Twoje pytania dotycz\u0105ce ochrony danych osobowych w satysfakcjonuj\u0105cy spos\u00f3b.<\/li>\n<li>Polityka cookies: Centrum Medyczne iMedConcept wykorzystuje pliki cookies, aby pozyskiwa\u0107 informacje pozwalaj\u0105ce mi\u0119dzy innymi na usprawnienie strony internetowej www.imedconcept.com<\/li>\n<\/ol>\n<p>Odwiedziny serwisu internetowego Centrum Medycznego iMedConcept www.imedconcept.com, w przegl\u0105darce internetowej zezwalaj\u0105cej na wykorzystanie plik\u00f3w cookies, s\u0105 r\u00f3wnoznaczne z wyra\u017ceniem zgody u\u017cytkownika na ich wykorzystywanie.<br \/>\nPliki cookie, z\u0142o\u017cone z ci\u0105gu liter i znak\u00f3w, s\u0105 umieszczane w komputerze odwiedzaj\u0105cego przez serwery stron internetowych. Pozwalaj\u0105 one w\u0142a\u015bcicielowi witryny, kt\u00f3ra jest odwiedzana, odr\u00f3\u017cni\u0107 odwiedzaj\u0105cego od innych u\u017cytkownik\u00f3w strony. Cookie nie mog\u0105 by\u0107 wykorzystane przez iMedConcept do uruchomienia jakiegokolwiek kodu na komputerze odwiedzaj\u0105cego, a co za tym idzie, nie mog\u0105 s\u0142u\u017cy\u0107 do uruchomienia na nim wirus\u00f3w i innego z\u0142o\u015bliwego oprogramowania. Nie mog\u0105 r\u00f3wnie\u017c pos\u0142u\u017cy\u0107 do przegl\u0105dania zawarto\u015bci komputera odwiedzaj\u0105cego.<br \/>\nIstnieje prawny obowi\u0105zek uzyskania zgody odwiedzaj\u0105cego, na u\u017cywanie wszystkich rodzaj\u00f3w plik\u00f3w cookie, z wyj\u0105tkiem plik\u00f3w cookie nale\u017c\u0105cych do kategorii \u201eKonieczno\u015b\u0107\u201d. Zgod\u0119 t\u0105 mo\u017cna wyrazi\u0107 poprzez ustawienia przegl\u0105darki internetowej. Aby dowiedzie\u0107 si\u0119 wi\u0119cej o zarz\u0105dzaniu plikami cookie, w tym jak dostosowa\u0107 lub zmienia\u0107 ustawienia przegl\u0105darki w celu zablokowania plik\u00f3w cookie lub informowania o ich wysy\u0142aniu, nale\u017cy skorzysta\u0107 z funkcji Pomoc w przegl\u0105darce lub odwiedzi\u0107 stron\u0119 www.aboutcookies.org, na kt\u00f3rej znajduj\u0105 si\u0119 informacje na temat zarz\u0105dzania plikami cookie w r\u00f3\u017cnych przegl\u0105darkach. Brak zmiany tych ustawie\u0144 oznacza akceptacj\u0119 dla stosowanych tu cookies.<\/p>\n<p>Nale\u017cy jednak pami\u0119ta\u0107, \u017ce ca\u0142kowite wy\u0142\u0105czenie obs\u0142ugi plik\u00f3w cookie mo\u017ce spowodowa\u0107 obni\u017cenie funkcjonalno\u015bci Platformy telemedycznej iMedConcept, na przyk\u0142ad, mo\u017cna utraci\u0107 dost\u0119p do wszystkich obszar\u00f3w serwisu b\u0105d\u017a nie otrzymywa\u0107 spersonalizowanych informacji podczas ich przegl\u0105dania.<\/p>\n<p style=\"text-align: right;\">Aktualizacja: 02.04.2020<\/p>\n<p>[\/vc_column_text][\/vc_column][\/vc_row]<\/p>\n<\/div>","protected":false},"excerpt":{"rendered":"<p>[vc_row css=&#8220;.vc_custom_1585807664976{border-top-width: 1px !important;border-right-width: 1px !important;border-bottom-width: 1px !important;border-left-width: 1px !important;padding-left: 15px !important;border-left-color: #e5e5e5 !important;border-left-style: solid !important;border-right-color: #e5e5e5 !important;border-right-style: solid !important;border-top-color:<\/p>\n","protected":false},"author":1,"featured_media":0,"parent":0,"menu_order":0,"comment_status":"closed","ping_status":"closed","template":"","meta":{"footnotes":""},"class_list":["post-4996","page","type-page","status-publish","hentry"],"_links":{"self":[{"href":"https:\/\/imedconcept.com\/de\/wp-json\/wp\/v2\/pages\/4996","targetHints":{"allow":["GET"]}}],"collection":[{"href":"https:\/\/imedconcept.com\/de\/wp-json\/wp\/v2\/pages"}],"about":[{"href":"https:\/\/imedconcept.com\/de\/wp-json\/wp\/v2\/types\/page"}],"author":[{"embeddable":true,"href":"https:\/\/imedconcept.com\/de\/wp-json\/wp\/v2\/users\/1"}],"replies":[{"embeddable":true,"href":"https:\/\/imedconcept.com\/de\/wp-json\/wp\/v2\/comments?post=4996"}],"version-history":[{"count":0,"href":"https:\/\/imedconcept.com\/de\/wp-json\/wp\/v2\/pages\/4996\/revisions"}],"wp:attachment":[{"href":"https:\/\/imedconcept.com\/de\/wp-json\/wp\/v2\/media?parent=4996"}],"curies":[{"name":"wp","href":"https:\/\/api.w.org\/{rel}","templated":true}]}}