{"id":5011,"date":"2020-04-02T09:09:19","date_gmt":"2020-04-02T07:09:19","guid":{"rendered":"https:\/\/imedconcept.com\/?page_id=5011"},"modified":"2021-08-23T17:19:13","modified_gmt":"2021-08-23T15:19:13","slug":"organisatorische-regelungen-der-therapeutischen-einheit","status":"publish","type":"page","link":"https:\/\/imedconcept.com\/de\/organisatorische-regelungen-der-therapeutischen-einheit\/","title":{"rendered":"Organisatorische Regelungen der therapeutischen Einheit"},"content":{"rendered":"<div class=\"wpb-content-wrapper\"><p>[vc_row css=&#8220;.vc_custom_1585807664976{border-top-width: 1px !important;border-right-width: 1px !important;border-bottom-width: 1px !important;border-left-width: 1px !important;padding-left: 15px !important;border-left-color: #e5e5e5 !important;border-left-style: solid !important;border-right-color: #e5e5e5 !important;border-right-style: solid !important;border-top-color: #e5e5e5 !important;border-top-style: solid !important;border-bottom-color: #e5e5e5 !important;border-bottom-style: solid !important;}&#8220; mobile_bg_img_hidden=&#8220;no&#8220; tablet_bg_img_hidden=&#8220;no&#8220; woodmart_parallax=&#8220;0&#8243; woodmart_gradient_switch=&#8220;no&#8220; row_reverse_mobile=&#8220;0&#8243; row_reverse_tablet=&#8220;0&#8243; woodmart_disable_overflow=&#8220;0&#8243;][vc_column][vc_column_text text_larger=&#8220;no&#8220;]<\/p>\n<h2 style=\"text-align: center;\">REGULAMIN ORGANIZACYJNY PODMIOTU LECZNICZEGO<br \/>\nCENTRUM MEDYCZNE IMEDCONCEPT<\/h2>\n<h4>\u00a71. POSTANOWIENIA OG\u00d3LNE<\/h4>\n<ol>\n<li>Niniejszy Regulamin Organizacyjny jest ustanawiany dla podmiotu leczniczego dzia\u0142aj\u0105cego pod firm\u0105: CENTRUM MEDYCZNE IMEDCONCEPT JAKUB PODOLEC z siedzib\u0105 w Zabierzowie przy ul. Brzozowej 16, kod pocztowy 32-080, wpisanego do Centralnej Ewidencji i Informacji o Dzia\u0142alno\u015bci Gospodarczej, NIP: 945-194-83-32, REGON: 122923983, wpisanego do Rejestru Podmiot\u00f3w Wykonuj\u0105cych Dzia\u0142alno\u015b\u0107 Lecznicz\u0105, prowadzonego przez Wojewod\u0119 Ma\u0142opolskiego nr ksi\u0119gi 000000228057 (zwany dalej: \u201eiMedConcept\u201d).<\/li>\n<li>Podmiot leczniczy wykonuje dzia\u0142alno\u015b\u0107 lecznicz\u0105 w przedsi\u0119biorstwie pod nazw\u0105 iMedConcept.<\/li>\n<li>Podmiot leczniczy dzia\u0142a na podstawie:<br \/>\n1. Powszechnie obowi\u0105zuj\u0105cych przepis\u00f3w prawa, w tym w szczeg\u00f3lno\u015bci ustawy z dnia 15 kwietnia 2011r. o dzia\u0142alno\u015bci leczniczej (t.j. Dz.U. z 2016r. poz. 1638 ze zm. \u2013 dalej \u201eu.d.l.\u201d);<br \/>\n2. Wpisu do Rejestru Podmiot\u00f3w Wykonuj\u0105cych Dzia\u0142alno\u015b\u0107 Lecznicz\u0105, prowadzonego przez Wojewod\u0119 Ma\u0142opolskiego;<br \/>\n3. Niniejszego Regulaminu;<\/li>\n<li>IMedConcept prowadzi dzia\u0142alno\u015b\u0107 lecznicz\u0105 w zakresach (kod resortowy funkcji ochrony zdrowia HC.1.3.3):<br \/>\n1. Poradnia kardiologiczna (kod resortowy dziedziny medycyny &#8211; 1100)<br \/>\n2.Kardiologia (kod resortowy dziedziny medycyny \u2013 53)<\/li>\n<\/ol>\n<h4>\u00a72 CELE I ZADANIA<\/h4>\n<ol>\n<li>Celem iMedConcept jest organizowanie dzia\u0142alno\u015bci leczniczej oraz udzielanie \u015bwiadcze\u0144 zdrowotnych na odleg\u0142o\u015b\u0107, tj. za po\u015brednictwem system\u00f3w teleinformatycznych lub system\u00f3w \u0142\u0105czno\u015bci w rozumieniu art. 3 ust. 1 u.d.l.<\/li>\n<li>Podstawowymi zadaniami iMedConcept s\u0105:<br \/>\n1. Udzielanie porad i konsultacji w zakresach wskazanych w \u00a71 ust. 4 przez osoby wykonuj\u0105ce zawody medyczne;<br \/>\n2. Prowadzenie bada\u0144 naukowych;<br \/>\n3. Promocja zdrowia;<br \/>\n4. Edukacja pacjent\u00f3w.<\/li>\n<\/ol>\n<h4>\u00a7 3. STRUKTURA ORGANIZACYJNA, ORGANIZACJA I ZADANIA POSZCZEG\u00d3LNYCH JEDNOSTEK I KOM\u00d3REK ORGANIZACYJNYCH<\/h4>\n<ol>\n<li>iMedConcept posiada nast\u0119puj\u0105ce jednostki organizacyjne:<br \/>\n1. iMedConcept- ul. Brzozowa 16, 32-080 Zabierz\u00f3w<br \/>\n2. iMedConcept \u2013 dzia\u0142alno\u015b\u0107 telemedyczna, ul. Krakowska 121, 32-199 Rz\u0105ska<\/li>\n<li>W zak\u0142adzie leczniczym iMedConcept funkcjonuj\u0105 nast\u0119puj\u0105ce stanowiska:<br \/>\na)Kierownik \u2013 rol\u0119 kierownika pe\u0142ni w\u0142a\u015bciciel iMedConcept,<br \/>\nb)Lekarze.<\/li>\n<li>Podstawowe obowi\u0105zki:<br \/>\n<strong>&#8211; Kierownik<br \/>\n<\/strong>a) Organizowanie i kierowanie prac\u0105 podleg\u0142ych mu pracownik\u00f3w<br \/>\nb) Zatwierdzenie plan\u00f3w inwestycyjnych<br \/>\nc) Tworzenie akt\u00f3w normatywnych (zarz\u0105dzenia wewn\u0119trzne)<br \/>\nd) Wydawanie upowa\u017cnie\u0144 i pe\u0142nomocnictw og\u00f3lnych oraz do za\u0142atwienia okre\u015blonych spraw<br \/>\ne)Reprezentowanie jednostki przed organami kontroli zewn\u0119trznej w trakcie ich przeprowadzania i w post\u0119powaniu kontrolnym,<br \/>\nf)Zawieranie um\u00f3w na us\u0142ugi medyczne,<br \/>\ng)Podpisywanie um\u00f3w cywilnoprawnych,<br \/>\ni)Zatrudnianie i zwalnianie pracownik\u00f3w podmiotu leczniczego,<br \/>\nj)Wyst\u0105pienia publiczne i wsp\u00f3\u0142praca z mediami,<br \/>\nk)Nagradzanie i karanie pracownik\u00f3w.<br \/>\n<strong>&#8211; Lekarz<br \/>\n<\/strong>a)Udzielanie \u015bwiadcze\u0144 zdrowotnych, okre\u015blonych w regulaminie podmiotu leczniczego<br \/>\nb)Edukacja pacjent\u00f3w,<br \/>\nc)Odpowiadanie na chat pacjent\u00f3w na platformie iMedConcept podmiotu leczniczego,<br \/>\nd)Prowadzenie bada\u0144 naukowych.<\/li>\n<li>Kierownik zak\u0142adu leczniczego jest r\u00f3wnie\u017c kierownikiem kom\u00f3rek organizacyjnych iMedConcept.<\/li>\n<\/ol>\n<h4>\u00a7 4. RODZAJ DZIA\u0141ALNO\u015aCI LECZNICZEJ ORAZ ZAKRES UDZIELANYCH \u015aWIADCZE\u0143 ZDROWOTNYCH<\/h4>\n<ol>\n<li>iMedConcept prowadzi dzia\u0142alno\u015b\u0107 lecznicz\u0105 udzielaj\u0105c ambulatoryjnych \u015bwiadcze\u0144 zdrowotnych.<\/li>\n<li>iMedConcept udziela \u015bwiadcze\u0144 zdrowotnych, polegaj\u0105cych na:<\/li>\n<li>zapewnieniu ambulatoryjnej, specjalistycznej opieki zdrowotnej w zakresie kardiologii,<\/li>\n<li>wykonywaniu bada\u0144 lekarskich na odleg\u0142o\u015b\u0107 \u2013 przy wykorzystaniu nowoczesnych technologii teleinformatycznych,<\/li>\n<li>udzielaniu porad lekarskich oraz wydawanie opinii lekarskich, w tym na odleg\u0142o\u015b\u0107- przy wykorzystaniu nowoczesnych technologii teleinformatycznych,<\/li>\n<li>prowadzeniu dzia\u0142alno\u015bci o\u015bwiatowej w zakresie ochrony zdrowia i promocja zdrowia.<\/li>\n<\/ol>\n<h4>\u00a7 5. MIEJSCE I CZAS UDZIELANIA \u015aWIADCZE\u0143<\/h4>\n<ol>\n<li>iMedConcept udziela \u015bwiadcze\u0144 w swojej siedzibie oraz w jednostce lokalnej (ul. Krakowska 121, 32-199 Rz\u0105ska) .<\/li>\n<li>W pomieszczeniach iMedConcept s\u0105 udzielane \u015bwiadczenia za po\u015brednictwem system\u00f3w teleinformatycznych lub system\u00f3w \u0142\u0105czno\u015bci oraz stacjonarnie.<\/li>\n<li>\u015awiadczenia zdrowotne za po\u015brednictwem system\u00f3w \u0142\u0105czno\u015bci lub system\u00f3w teleinformatycznych oraz stacjonarne s\u0105 udzielane w godzinach pracy podmiotu leczniczego. Godziny pracy podmiotu leczniczego (harmonogram) s\u0105 ustalane na mocy decyzji Kierownika iMedConcept.<\/li>\n<li>iMedConcept okre\u015bla szczeg\u00f3\u0142owo w harmonogramie pracy godziny pracy oraz zakres \u015bwiadcze\u0144 udzielanych w podmiocie leczniczym. Harmonogram zostanie opublikowany na stronie www.imedconcept.com<\/li>\n<\/ol>\n<h4>\u00a7 6. PRZEBIEG PROCESU UDZIELANIA \u015aWIADCZE\u0143 ZDROWOTNYCH<\/h4>\n<ol>\n<li>\u015awiadczenia zdrowotne w ramach iMedConcept udzielane s\u0105 przez lekarzy z zakresu specjalizacji wskazanych w \u00a7 1 ust. 4.<\/li>\n<li>Rejestracja pacjent\u00f3w jest dokonywana za po\u015brednictwem rejestracji lub samodzielnie przez pacjenta na platformie internetowej pod adresem www.imedconcept.com. Za\u0142o\u017cenie konta pacjenta w systemie jest r\u00f3wnoznaczne z rejestracj\u0105 pacjenta.<\/li>\n<li>\u015awiadczenia zdrowotne w iMedConcept s\u0105 udzielane za po\u015brednictwem system\u00f3w teleinformatycznych lub system\u00f3w \u0142\u0105czno\u015bci oraz stacjonarnie.<\/li>\n<li>\u015awiadczenia zdrowotne s\u0105 udzielane przez lekarzy zatrudnionych przez iMedConcept lub wsp\u00f3\u0142pracuj\u0105cych z iMedConcept na podstawie umowy zlecenia lub umowy o wsp\u00f3\u0142prac\u0119. \u015awiadczenia zdrowotne mog\u0105 by\u0107 tak\u017ce udzielane przez inny podmiot leczniczy, na podstawie umowy zlecenia lub umowy wsp\u00f3\u0142pracy pomi\u0119dzy tym podmiotem a iMedConcept.<\/li>\n<li>Je\u017celi istniej\u0105 ku temu wskazania medyczne, w szczeg\u00f3lno\u015bci w sytuacjach bezpo\u015bredniego zagro\u017cenia \u017cycia lub zdrowia pacjenta, lekarz lub rejestracja skontaktuje si\u0119 niezw\u0142ocznie z pacjentem w celu stawienia si\u0119 pacjenta w podmiocie leczniczym udzielaj\u0105cym \u015bwiadcze\u0144 zdrowotnych, kt\u00f3rych udzielenie jest wskazane wskazaniami medycznymi.<\/li>\n<\/ol>\n<h4>\u00a7 7. POBIERANIE OP\u0141AT ZA \u015aWIADCZENIA ZDROWOTNE I WYSOKO\u015a\u0106 OP\u0141AT<\/h4>\n<ol>\n<li>Podmiot leczniczy udziela \u015bwiadcze\u0144 zdrowotnych odp\u0142atnie na podstawie um\u00f3w zawieranych z:<br \/>\n1. Pacjentami,<br \/>\n2. Partnerami.<\/li>\n<li>Wzory um\u00f3w na \u015bwiadczenia zdrowotne udost\u0119pniane s\u0105 pacjentom przed rozpocz\u0119ciem udzielania \u015bwiadcze\u0144. W przypadku iMedConcept wzorem takiej umowy jest regulamin \u015bwiadczenia us\u0142ug drog\u0105 elektroniczn\u0105, kt\u00f3ry udost\u0119pniany jest na stronie iMedConcept i kt\u00f3ry pacjent ma obowi\u0105zek zaakceptowa\u0107 przed rozpocz\u0119ciem udzielania \u015bwiadcze\u0144.<\/li>\n<li>Cennik op\u0142at jest udost\u0119pniany Pacjentom i Partnerom przed iMedConcept.<\/li>\n<li>Przed zawarciem umowy lekarz\/podmiot leczniczy informuje Pacjent\u00f3w lub Partner\u00f3w jakie \u015bwiadczenia zdrowotne wchodz\u0105 w zakres wykupionej us\u0142ugi, a kt\u00f3re nie s\u0105 obj\u0119te jej cen\u0105.<\/li>\n<li>Przy zawieraniu umowy Pacjenci lub Partnerzy s\u0105 informowani o mo\u017cliwo\u015bci rezygnacji z udzielania \u015bwiadcze\u0144 zdrowotnych.<\/li>\n<li>Przy zawarciu umowy iMedConcept zachowuje prawo odmowy udzielenia \u015bwiadczenia zdrowotnego, je\u015bli by\u0142oby to niecelowe lub okoliczno\u015bci wskazuj\u0105, \u017ce pacjent powinien zosta\u0107 poddany specjalistycznym badaniom w plac\u00f3wce medycznej.<\/li>\n<li>Kwesti\u0119 wynagrodzenia w razie rezygnacji Pacjenta\/Partnera lub w razie odmowy wykonania \u015bwiadcze\u0144 przez iMedConcept reguluje umowa z Pacjentem\/Partnerem.<\/li>\n<\/ol>\n<h4>\u00a7 8. UDOST\u0118PNIANIE DOKUMENTACJI MEDYCZNEJ<\/h4>\n<ol>\n<li>iMedConcept prowadzi dokumentacj\u0119 medyczn\u0105 pacjent\u00f3w korzystaj\u0105cych ze \u015bwiadcze\u0144 zdrowotnych i zapewnia ochron\u0119 i poufno\u015b\u0107 danych zawartych w tej dokumentacji zgodnie z powszechnie obowi\u0105zuj\u0105cymi przepisami prawa.<\/li>\n<li>iMedConcept udost\u0119pnia dokumentacj\u0119 medyczn\u0105 nast\u0119puj\u0105cym osobom uprawnionym:<br \/>\n1. Pacjentowi, jego przedstawicielowi ustawowemu, osobie upowa\u017cnionej przez pacjenta,<br \/>\n2. Podmiotom udzielaj\u0105cym \u015bwiadcze\u0144 zdrowotnych, je\u017celi dokumentacja ta jest niezb\u0119dna do zapewnienia ci\u0105g\u0142o\u015bci \u015bwiadcze\u0144 zdrowotnych,<br \/>\n3. Organom w\u0142adzy publicznej, Narodowemu Funduszowi Zdrowia, organom samorz\u0105du zawod\u00f3w medycznych oraz konsultantom krajowym i wojew\u00f3dzkim, w zakresie niezb\u0119dnym do wykonywania przez te podmioty ich zada\u0144, w szczeg\u00f3lno\u015bci kontroli i nadzoru,<br \/>\n4. Ministrowi w\u0142a\u015bciwemu do spraw zdrowia, s\u0105dom, w tym s\u0105dom dyscyplinarnym, prokuratorom, lekarzom s\u0105dowym i rzecznikom odpowiedzialno\u015bci zawodowej, w zwi\u0105zku z prowadzonym post\u0119powaniem,<br \/>\n5. Uprawnionym na mocy odr\u0119bnych ustaw organom i instytucjom, je\u017celi badanie zosta\u0142o przeprowadzone na ich wniosek,<br \/>\n6. Organom rentowym oraz zespo\u0142om do spraw orzekania o niepe\u0142nosprawno\u015bci, w zwi\u0105zku z prowadzonym przez nie post\u0119powaniem,<br \/>\n7. Podmiotom prowadz\u0105cym rejestry us\u0142ug medycznych, w zakresie niezb\u0119dnym do prowadzenia rejestr\u00f3w,<br \/>\n8. Zak\u0142adom ubezpiecze\u0144, za zgod\u0105 pacjenta,<br \/>\n9. Komisjom lekarskim podleg\u0142ym ministrowi w\u0142a\u015bciwemu do spraw wewn\u0119trznych, wojskowym komisjom lekarskim oraz komisjom lekarskim Agencji Bezpiecze\u0144stwa Wewn\u0119trznego lub Agencji Wywiadu, podleg\u0142ym Szefom w\u0142a\u015bciwych Agencji,<br \/>\n10. Lekarzowi lub piel\u0119gniarce, w zwi\u0105zku z prowadzeniem procedury oceniaj\u0105cej przez podmiot udzielaj\u0105cy \u015bwiadcze\u0144 zdrowotnych na podstawie przepis\u00f3w o akredytacji w ochronie zdrowia, w zakresie niezb\u0119dnym do jej przeprowadzenia,<br \/>\n11. Wojew\u00f3dzkiej komisji do spraw orzekania o zdarzeniach medycznych, w zakresie prowadzonego przez ni\u0105 post\u0119powania,<br \/>\n12. Spadkobiercom pacjenta w zakresie prowadzonego post\u0119powania przed wojew\u00f3dzk\u0105 komisj\u0105 do spraw orzekania o zdarzeniach medycznych,<br \/>\n13. Osobom wykonuj\u0105cym czynno\u015bci kontrolne na podstawie art. 39 ust. 1 ustawy z dnia 28 kwietnia 2011 r. o systemie w ochronie informacji w ochronie zdrowia,<br \/>\n14. Szkole wy\u017cszej lub instytutowi badawczemu do wykorzystania do cel\u00f3w naukowych, bez ujawniania nazwiska i innych danych umo\u017cliwiaj\u0105cych identyfikacj\u0119 osoby, kt\u00f3rej dokumentacja dotyczy.<\/li>\n<li>Dokumentacj\u0119 medyczn\u0105 udost\u0119pnia si\u0119 na podstawie:<br \/>\n1. pisemnego wniosku osoby uprawnionej (wys\u0142anego drog\u0105 pocztow\u0105\/elektroniczn\u0105 lub jako potwierdzenie wniosku ustnego z\u0142o\u017conego w siedzibie podmiotu leczniczego),<br \/>\n2. wniosku z\u0142o\u017conego za po\u015brednictwem Platformy,<br \/>\n3. wniosku z\u0142o\u017conego drog\u0105 mailow\u0105.<\/li>\n<li>iMedConcept jest zobowi\u0105zany do identyfikacji osoby wnioskuj\u0105cej o udost\u0119pnienie dokumentacji medycznej. Prawid\u0142owa identyfikacja stanowi warunek udost\u0119pnienia dokumentacji medycznej. W zwi\u0105zku z tym iMedConcept mo\u017ce za\u017c\u0105da\u0107 w celu weryfikacji przes\u0142ania skanu dowodu osobistego po\u015bwiadczonego za zgodno\u015b\u0107 z orygina\u0142em.<\/li>\n<li>Wniosek o udost\u0119pnienie dokumentacji medycznej i potwierdzenie jej udost\u0119pnienia przechowuje si\u0119 wraz z dokumentacj\u0105 medyczn\u0105.<\/li>\n<li>Dokumentacja medyczna jest udost\u0119pniana:<br \/>\n1. Do wgl\u0105du<br \/>\n2. Poprzez sporz\u0105dzenie wyci\u0105g\u00f3w, odpis\u00f3w lub kopii,<br \/>\n3. Poprzez wydanie orygina\u0142u za pokwitowaniem odbioru i z zastrze\u017ceniem zwrotu po wykorzystaniu, je\u017celi uprawniony organ lub podmiot \u017c\u0105da udost\u0119pnienia orygina\u0142\u00f3w tej dokumentacji,<br \/>\n4. Za po\u015brednictwem \u015brodk\u00f3w komunikacji elektronicznej,<br \/>\n5. Na elektronicznym no\u015bniku danych.<\/li>\n<li>Cennik udost\u0119pnienia dokumentacji medycznej znajduje si\u0119 w cenniku us\u0142ug na stronie internetowej www.imedconcept.com<\/li>\n<li>Dokumentacja medyczna, w tym wyniki bada\u0144, s\u0105 udost\u0119pnione osobom o kt\u00f3rych mowa w \u00a78 ust. 2 lit. a) niniejszego Regulaminu, po okazaniu dowodu to\u017csamo\u015bci ze zdj\u0119ciem, tj. dowodu osobistego, paszportu lub prawa jazdy. W przypadku pacjent\u00f3w lub ich przedstawicieli ustawowych nieb\u0119d\u0105cych obywatelami Polski, dopuszczalne s\u0105 r\u00f3wnie\u017c zagraniczne dokumenty to\u017csamo\u015bci ze zdj\u0119ciem.<\/li>\n<\/ol>\n<h4>\u00a7 9. WSP\u00d3\u0141DZIA\u0141ANIE Z INNYMI PODMIOTAMI LECZNICZYMI<\/h4>\n<ol>\n<li>iMedConcept \u2013 w celu zapewnienia prawid\u0142owo\u015bci oraz ci\u0105g\u0142o\u015bci procesu udzielania \u015bwiadcze\u0144 zdrowotnych \u2013 wsp\u00f3\u0142dzia\u0142a z innymi podmiotami wykonuj\u0105cymi dzia\u0142alno\u015b\u0107 lecznicz\u0105, udzielaj\u0105cymi \u015bwiadcze\u0144 zdrowotnych na rzecz Pacjent\u00f3w.<\/li>\n<li>iMedConcept oraz osoby udzielaj\u0105ce w jej imieniu \u015bwiadcze\u0144 zdrowotnych, udzielaj\u0105 innym podmiotom wykonuj\u0105cym dzia\u0142alno\u015b\u0107 lecznicz\u0105 informacji zwi\u0105zanych z pacjentem w przypadku gdy:<br \/>\n1. Pacjent lub jego przedstawiciel ustawowy wyra\u017ca zgod\u0119 na ujawnienie tajemnicy,<br \/>\n2. Zachowanie tajemnicy mo\u017ce stanowi\u0107 niebezpiecze\u0144stwo dla \u017cycia lub zdrowia pacjenta lub innych os\u00f3b,<br \/>\n3. Zachodzi potrzeba przekazania niezb\u0119dnych informacji o pacjencie zwi\u0105zanych z udzielaniem \u015bwiadcze\u0144 zdrowotnych innym osobom wykonuj\u0105cym zaw\u00f3d medyczny, uczestnicz\u0105cym w udzielaniu tych \u015bwiadcze\u0144,<br \/>\n4. Obowi\u0105zuj\u0105ce przepisy prawa tak stanowi\u0105.<\/li>\n<li>iMedConcept udost\u0119pnia podmiotom wykonuj\u0105cym dzia\u0142alno\u015b\u0107 lecznicz\u0105 dokumentacj\u0119 medyczn\u0105 pacjent\u00f3w, je\u017celi dokumentacja ta jest niezb\u0119dna do zapewnienia ci\u0105g\u0142o\u015bci \u015bwiadcze\u0144 zdrowotnych.<\/li>\n<\/ol>\n<h4>\u00a7 10. SPOS\u00d3B KIEROWANIA JEDNOSTKAMI I KOM\u00d3RKAMI ORGANIZACYJNYMI<\/h4>\n<ol>\n<li>iMedConcept jest reprezentowane przez w\u0142a\u015bciciela- Jakuba Podolec.<\/li>\n<li>W\u0142a\u015bciciel kieruje jednostkami i kom\u00f3rkami organizacyjnymi.<\/li>\n<li>iMedConcept wykonuje wszelkie prawa i obowi\u0105zki, jakie na iMedConcept nak\u0142adaj\u0105 przepisy prawa powszechnie obowi\u0105zuj\u0105cego.<\/li>\n<li>Do wy\u0142\u0105cznej decyzji w\u0142a\u015bciciela zastrzega si\u0119:<br \/>\n1. Decyzje dotycz\u0105ce finans\u00f3w iMedConcept, w tym ustalenie cen us\u0142ug,<br \/>\n2. Zatwierdzanie plan\u00f3w inwestycyjnych, naprawczych, audyt\u00f3w,<br \/>\n3. Przedk\u0142adanie uprawnionym organom wniosk\u00f3w dotycz\u0105cych zmian w regulaminie organizacyjnym podmiotu leczniczego,<br \/>\n4. Wydawanie wewn\u0119trznych akt\u00f3w normatywnych,<br \/>\n5. Udzielanie pe\u0142nomocnictw i upowa\u017cnie\u0144,<br \/>\n6. Wyst\u0119powanie w imieniu iMedConcept przez urz\u0119dami, s\u0105dami i organami administracji,<br \/>\n7. Zawieranie um\u00f3w na \u015bwiadczenia zdrowotne,<br \/>\n8. Zawieranie um\u00f3w cywilnoprawnych,<br \/>\n9. Nawi\u0105zywanie i rozwi\u0105zywanie stosunk\u00f3w pracy.<\/li>\n<li>W\u0142a\u015bciciel kieruje zak\u0142adem przy pomocy os\u00f3b na samodzielnych stanowiskach dzia\u0142aj\u0105cych na podstawie udzielonych im pe\u0142nomocnictw.<\/li>\n<\/ol>\n<h4>\u00a7 11. POSTANOWIENIA KO\u0143COWE<\/h4>\n<ol>\n<li>Niniejszy Regulamin zosta\u0142 opracowany w oparciu o obowi\u0105zuj\u0105ce przepisy, w szczeg\u00f3lno\u015bci u.d.l.<\/li>\n<li>Postanowienia Regulaminu obowi\u0105zuj\u0105 wszystkich pracownik\u00f3w iMedConcept i podmioty z nim wsp\u00f3\u0142pracuj\u0105ce, wykonuj\u0105ce \u015bwiadczenia zdrowotne na jego rzecz, pacjent\u00f3w, Partner\u00f3w, oraz osoby wskazane lub upowa\u017cnione przez pacjent\u00f3w na podstawie Regulaminu, przepis\u00f3w prawa lub Regulaminu \u015bwiadczenia us\u0142ug drog\u0105 elektroniczn\u0105.<\/li>\n<li>Regulamin wchodzi w \u017cycie z dniem zatwierdzenia przez Kierownika podmiotu leczniczego.<\/li>\n<\/ol>\n<p style=\"text-align: right;\">Aktualizacja: 02.04.2020<\/p>\n<p>[\/vc_column_text][\/vc_column][\/vc_row]<\/p>\n<\/div>","protected":false},"excerpt":{"rendered":"<p>[vc_row css=&#8220;.vc_custom_1585807664976{border-top-width: 1px !important;border-right-width: 1px !important;border-bottom-width: 1px !important;border-left-width: 1px !important;padding-left: 15px !important;border-left-color: #e5e5e5 !important;border-left-style: solid !important;border-right-color: #e5e5e5 !important;border-right-style: solid !important;border-top-color:<\/p>\n","protected":false},"author":1,"featured_media":0,"parent":0,"menu_order":0,"comment_status":"closed","ping_status":"closed","template":"","meta":{"footnotes":""},"class_list":["post-5011","page","type-page","status-publish","hentry"],"_links":{"self":[{"href":"https:\/\/imedconcept.com\/de\/wp-json\/wp\/v2\/pages\/5011","targetHints":{"allow":["GET"]}}],"collection":[{"href":"https:\/\/imedconcept.com\/de\/wp-json\/wp\/v2\/pages"}],"about":[{"href":"https:\/\/imedconcept.com\/de\/wp-json\/wp\/v2\/types\/page"}],"author":[{"embeddable":true,"href":"https:\/\/imedconcept.com\/de\/wp-json\/wp\/v2\/users\/1"}],"replies":[{"embeddable":true,"href":"https:\/\/imedconcept.com\/de\/wp-json\/wp\/v2\/comments?post=5011"}],"version-history":[{"count":0,"href":"https:\/\/imedconcept.com\/de\/wp-json\/wp\/v2\/pages\/5011\/revisions"}],"wp:attachment":[{"href":"https:\/\/imedconcept.com\/de\/wp-json\/wp\/v2\/media?parent=5011"}],"curies":[{"name":"wp","href":"https:\/\/api.w.org\/{rel}","templated":true}]}}