{"id":10098,"date":"2021-05-22T11:54:36","date_gmt":"2021-05-22T09:54:36","guid":{"rendered":"https:\/\/imedconcept.com\/?post_type=product&#038;p=10098"},"modified":"2022-03-04T11:16:11","modified_gmt":"2022-03-04T10:16:11","slug":"kauf-des-geraets-kardiamobile-6l-30-tage","status":"publish","type":"product","link":"https:\/\/imedconcept.com\/de\/bedienung\/kauf-des-geraets-kardiamobile-6l-30-tage\/","title":{"rendered":"Kauf des Ger\u00e4ts KardiaMobile\u00ae 6L + 30 Tage"},"content":{"rendered":"","protected":false},"excerpt":{"rendered":"<p><em><span style=\"color: #5aa1e3;\">Richtpreis (Wird nach dem PLN-Wechselkurs in Ihrem Land umgerechnet)<\/span><\/em><\/p>\n<p><strong>Paket: Ger\u00e4tekauf + 1 Monat Herz\u00fcberwachung.<\/strong> KardiaMobile\u00ae erkennt Vorhofflimmern, Bradykardie, Tachykardie und normalen Herzrhythmus. Bietet dem Arzt detailliertere Informationen \u00fcber das Herz. Es bietet \u00c4rzten Einblicke in einige Herzrhythmusst\u00f6rungen, die Hauptindikatoren f\u00fcr Herz-Kreislauf-Erkrankungen sind<\/p>\n","protected":false},"featured_media":10099,"template":"","meta":[],"product_brand":[],"product_cat":[160],"product_tag":[],"class_list":{"0":"post-10098","1":"product","2":"type-product","3":"status-publish","4":"has-post-thumbnail","6":"product_cat-kardiologische-ueberwachung","8":"first","9":"instock","10":"taxable","11":"shipping-taxable","12":"product-type-grouped"},"_links":{"self":[{"href":"https:\/\/imedconcept.com\/de\/wp-json\/wp\/v2\/product\/10098","targetHints":{"allow":["GET"]}}],"collection":[{"href":"https:\/\/imedconcept.com\/de\/wp-json\/wp\/v2\/product"}],"about":[{"href":"https:\/\/imedconcept.com\/de\/wp-json\/wp\/v2\/types\/product"}],"wp:featuredmedia":[{"embeddable":true,"href":"https:\/\/imedconcept.com\/de\/wp-json\/wp\/v2\/media\/10099"}],"wp:attachment":[{"href":"https:\/\/imedconcept.com\/de\/wp-json\/wp\/v2\/media?parent=10098"}],"wp:term":[{"taxonomy":"product_brand","embeddable":true,"href":"https:\/\/imedconcept.com\/de\/wp-json\/wp\/v2\/product_brand?post=10098"},{"taxonomy":"product_cat","embeddable":true,"href":"https:\/\/imedconcept.com\/de\/wp-json\/wp\/v2\/product_cat?post=10098"},{"taxonomy":"product_tag","embeddable":true,"href":"https:\/\/imedconcept.com\/de\/wp-json\/wp\/v2\/product_tag?post=10098"}],"curies":[{"name":"wp","href":"https:\/\/api.w.org\/{rel}","templated":true}]}}