{"id":12061,"date":"2023-05-29T14:39:24","date_gmt":"2023-05-29T12:39:24","guid":{"rendered":"https:\/\/imedconcept.com\/?post_type=product&#038;p=12061"},"modified":"2023-05-29T14:40:20","modified_gmt":"2023-05-29T12:40:20","slug":"ekg-holter-3-tage","status":"publish","type":"product","link":"https:\/\/imedconcept.com\/de\/bedienung\/ekg-holter-3-tage\/","title":{"rendered":"EKG-Holter 3 Tage"},"content":{"rendered":"<div class=\"wpb-content-wrapper\"><p>[vc_row][vc_column][vc_column_text text_larger=&#8220;no&#8220; woodmart_inline=&#8220;no&#8220;]<strong>Langzeit-EKG:<\/strong> Der Test besteht aus einer <strong>3-t\u00e4gigen<\/strong> \u00dcberwachung des Elektrokardiogramms (EKG) des Herzens w\u00e4hrend der t\u00e4glichen Aktivit\u00e4ten des Patienten und w\u00e4hrend des Schlafs. Es ist besonders angezeigt bei Patienten:<\/p>\n<ul>\n<li>mit Herzklopfen \/ unregelm\u00e4\u00dfigem Herzschlag (schnelle oder langsame Herzfrequenz in Ruhe und bei Einnahme von Medikamenten zur Verlangsamung der Herzfrequenz)<\/li>\n<li>zur Beurteilung von Herzrhythmusst\u00f6rungen im Patientenkollektiv nach Herzinfarkten, Koronareingriffen, vor und nach chirurgischen Eingriffen, Ablation,<\/li>\n<li>bei der Kontrolle von Patienten, die w\u00e4hrend einer medikament\u00f6sen Therapie wegen Arrhythmien behandelt wurden,<\/li>\n<li>die Arbeit des Herzschrittmachers zu beurteilen,<\/li>\n<li>bei Verdacht auf isch\u00e4mische Herzkrankheit.<\/li>\n<\/ul>\n<p>[\/vc_column_text][\/vc_column][\/vc_row]<\/p>\n<\/div>","protected":false},"excerpt":{"rendered":"<p><strong>Langzeit-EKG:<\/strong> Der Test besteht aus einer 3-t\u00e4gigen \u00dcberwachung des Elektrokardiogramms (EKG) des Herzens w\u00e4hrend der t\u00e4glichen Aktivit\u00e4ten des Patienten und w\u00e4hrend des Schlafs.<\/p>\n","protected":false},"featured_media":5744,"template":"","meta":[],"product_brand":[],"product_cat":[89,86,131],"product_tag":[],"class_list":{"0":"post-12061","1":"product","2":"type-product","3":"status-publish","4":"has-post-thumbnail","6":"product_cat-holter-de","7":"product_cat-medizinische-untersuchung","8":"product_cat-medizinischer-dienst","10":"first","11":"instock","12":"taxable","13":"shipping-taxable","14":"purchasable","15":"product-type-simple"},"_links":{"self":[{"href":"https:\/\/imedconcept.com\/de\/wp-json\/wp\/v2\/product\/12061","targetHints":{"allow":["GET"]}}],"collection":[{"href":"https:\/\/imedconcept.com\/de\/wp-json\/wp\/v2\/product"}],"about":[{"href":"https:\/\/imedconcept.com\/de\/wp-json\/wp\/v2\/types\/product"}],"wp:featuredmedia":[{"embeddable":true,"href":"https:\/\/imedconcept.com\/de\/wp-json\/wp\/v2\/media\/5744"}],"wp:attachment":[{"href":"https:\/\/imedconcept.com\/de\/wp-json\/wp\/v2\/media?parent=12061"}],"wp:term":[{"taxonomy":"product_brand","embeddable":true,"href":"https:\/\/imedconcept.com\/de\/wp-json\/wp\/v2\/product_brand?post=12061"},{"taxonomy":"product_cat","embeddable":true,"href":"https:\/\/imedconcept.com\/de\/wp-json\/wp\/v2\/product_cat?post=12061"},{"taxonomy":"product_tag","embeddable":true,"href":"https:\/\/imedconcept.com\/de\/wp-json\/wp\/v2\/product_tag?post=12061"}],"curies":[{"name":"wp","href":"https:\/\/api.w.org\/{rel}","templated":true}]}}