{"id":8888,"date":"2020-04-06T14:40:18","date_gmt":"2020-04-06T12:40:18","guid":{"rendered":"https:\/\/imedconcept.com\/service\/e-konsultacja\/"},"modified":"2022-03-04T09:55:52","modified_gmt":"2022-03-04T08:55:52","slug":"e-beratung-standard-zuerst","status":"publish","type":"product","link":"https:\/\/imedconcept.com\/de\/bedienung\/e-beratung-standard-zuerst\/","title":{"rendered":"E-Beratung standard (zuerst)"},"content":{"rendered":"","protected":false},"excerpt":{"rendered":"<p><strong>Online-Beratung.<\/strong><\/p>\n<p>Auf der Website iMedConcept.com k\u00f6nnen Sie eine medizinische Beratung in einem B\u00fcro oder online registrieren. Bei der erstmaligen Registrierung werden Sie gebeten, einen kurzen Fragebogen auszuf\u00fcllen. Stellen Sie bei sp\u00e4teren Besuchen sicher, dass die in der Umfrage enthaltenen Daten aktuell sind.<\/p>\n","protected":false},"featured_media":7794,"template":"","meta":[],"product_brand":[],"product_cat":[85,131],"product_tag":[],"class_list":{"0":"post-8888","1":"product","2":"type-product","3":"status-publish","4":"has-post-thumbnail","6":"product_cat-e-konsultationen","7":"product_cat-medizinischer-dienst","9":"first","10":"instock","11":"taxable","12":"shipping-taxable","13":"purchasable","14":"product-type-simple"},"_links":{"self":[{"href":"https:\/\/imedconcept.com\/de\/wp-json\/wp\/v2\/product\/8888","targetHints":{"allow":["GET"]}}],"collection":[{"href":"https:\/\/imedconcept.com\/de\/wp-json\/wp\/v2\/product"}],"about":[{"href":"https:\/\/imedconcept.com\/de\/wp-json\/wp\/v2\/types\/product"}],"wp:featuredmedia":[{"embeddable":true,"href":"https:\/\/imedconcept.com\/de\/wp-json\/wp\/v2\/media\/7794"}],"wp:attachment":[{"href":"https:\/\/imedconcept.com\/de\/wp-json\/wp\/v2\/media?parent=8888"}],"wp:term":[{"taxonomy":"product_brand","embeddable":true,"href":"https:\/\/imedconcept.com\/de\/wp-json\/wp\/v2\/product_brand?post=8888"},{"taxonomy":"product_cat","embeddable":true,"href":"https:\/\/imedconcept.com\/de\/wp-json\/wp\/v2\/product_cat?post=8888"},{"taxonomy":"product_tag","embeddable":true,"href":"https:\/\/imedconcept.com\/de\/wp-json\/wp\/v2\/product_tag?post=8888"}],"curies":[{"name":"wp","href":"https:\/\/api.w.org\/{rel}","templated":true}]}}