{"id":8894,"date":"2020-05-01T14:40:20","date_gmt":"2020-05-01T12:40:20","guid":{"rendered":"https:\/\/imedconcept.com\/service\/konsultacja-stacjonarna\/"},"modified":"2022-03-04T09:55:52","modified_gmt":"2022-03-04T08:55:52","slug":"stationaere-kardiologische-beratung","status":"publish","type":"product","link":"https:\/\/imedconcept.com\/de\/bedienung\/stationaere-kardiologische-beratung\/","title":{"rendered":"Station\u00e4re kardiologische Beratung (zuerst)"},"content":{"rendered":"","protected":false},"excerpt":{"rendered":"<p><strong>Der Besuch findet traditionell im B\u00fcro <\/strong>in der ul. Krakowska 121, 30-199 Rz\u0105ska.<\/p>\n<p>Auf der Website iMedConcept.com k\u00f6nnen Sie eine medizinische Beratung in einem B\u00fcro oder online registrieren. Bei der erstmaligen Registrierung werden Sie gebeten, einen kurzen Fragebogen auszuf\u00fcllen. Stellen Sie bei sp\u00e4teren Besuchen sicher, dass die in der Umfrage enthaltenen Daten aktuell sind.<\/p>\n","protected":false},"featured_media":5879,"template":"","meta":[],"product_brand":[],"product_cat":[131,83],"product_tag":[],"class_list":{"0":"post-8894","1":"product","2":"type-product","3":"status-publish","4":"has-post-thumbnail","6":"product_cat-medizinischer-dienst","7":"product_cat-stationare-konsultationen","9":"first","10":"instock","11":"taxable","12":"shipping-taxable","13":"purchasable","14":"product-type-simple"},"_links":{"self":[{"href":"https:\/\/imedconcept.com\/de\/wp-json\/wp\/v2\/product\/8894","targetHints":{"allow":["GET"]}}],"collection":[{"href":"https:\/\/imedconcept.com\/de\/wp-json\/wp\/v2\/product"}],"about":[{"href":"https:\/\/imedconcept.com\/de\/wp-json\/wp\/v2\/types\/product"}],"wp:featuredmedia":[{"embeddable":true,"href":"https:\/\/imedconcept.com\/de\/wp-json\/wp\/v2\/media\/5879"}],"wp:attachment":[{"href":"https:\/\/imedconcept.com\/de\/wp-json\/wp\/v2\/media?parent=8894"}],"wp:term":[{"taxonomy":"product_brand","embeddable":true,"href":"https:\/\/imedconcept.com\/de\/wp-json\/wp\/v2\/product_brand?post=8894"},{"taxonomy":"product_cat","embeddable":true,"href":"https:\/\/imedconcept.com\/de\/wp-json\/wp\/v2\/product_cat?post=8894"},{"taxonomy":"product_tag","embeddable":true,"href":"https:\/\/imedconcept.com\/de\/wp-json\/wp\/v2\/product_tag?post=8894"}],"curies":[{"name":"wp","href":"https:\/\/api.w.org\/{rel}","templated":true}]}}