{"id":8899,"date":"2020-05-06T14:47:21","date_gmt":"2020-05-06T12:47:21","guid":{"rendered":"https:\/\/imedconcept.com\/service\/usg-tetnic-szyjnych\/"},"modified":"2022-03-04T09:55:51","modified_gmt":"2022-03-04T08:55:51","slug":"ultraschall-der-halsschlagader-kopfarterien","status":"publish","type":"product","link":"https:\/\/imedconcept.com\/de\/bedienung\/ultraschall-der-halsschlagader-kopfarterien\/","title":{"rendered":"Ultraschall der Halsschlagader \/ Kopfarterien"},"content":{"rendered":"<p><strong>Karotis-Ultraschall:<\/strong> Die Untersuchung mit Ultraschall erm\u00f6glicht eine schnelle, sichere und nicht-invasive Diagnostik der Halsschlagadern. Das auf dem Bildschirm des Ultraschallger\u00e4ts erhaltene Bild erm\u00f6glicht die Beurteilung von:<\/p>\n<ul>\n<li>Blutfluss durch die Halsschlagadern dank der Doppler-Methode,<\/li>\n<li>die Dicke der W\u00e4nde der Halsschlagadern, insbesondere ihrer inneren und mittleren Schichten (IMT &#8211; Intima-Media-Dicke), die zur Beurteilung des kardiovaskul\u00e4ren Risikos verwendet wird,<\/li>\n<li>der Schweregrad der atherosklerotischen Stenose (eine Schl\u00fcsselstudie zur Schlaganfallpr\u00e4vention und notwendig, um Patienten f\u00fcr eine interventionelle Behandlung mit Karotis-Angioplastie oder chirurgische Entfernung atherosklerotischer Plaques zu qualifizieren).<\/li>\n<\/ul>\n<p><strong>Das Studium ist besonders wichtig:<\/strong><\/p>\n<ul>\n<li>zur Schlaganfallpr\u00e4vention bei Hochrisikopatienten,<\/li>\n<li>Diagnostik von Kopfschmerzen und Schwindel, Skotomen vor den Augen, vor\u00fcbergehenden Bewusstseinsst\u00f6rungen und Ohnmachtsanf\u00e4llen.<\/li>\n<\/ul>\n","protected":false},"excerpt":{"rendered":"<p><strong>Karotis-Ultraschall:<\/strong> Die Untersuchung mit Ultraschall erm\u00f6glicht eine schnelle, sichere und nicht-invasive Diagnostik der Halsschlagadern.<\/p>\n","protected":false},"featured_media":8074,"template":"","meta":[],"product_brand":[],"product_cat":[86,131,91],"product_tag":[],"class_list":{"0":"post-8899","1":"product","2":"type-product","3":"status-publish","4":"has-post-thumbnail","6":"product_cat-medizinische-untersuchung","7":"product_cat-medizinischer-dienst","8":"product_cat-usg-de","10":"first","11":"instock","12":"taxable","13":"shipping-taxable","14":"purchasable","15":"product-type-simple"},"_links":{"self":[{"href":"https:\/\/imedconcept.com\/de\/wp-json\/wp\/v2\/product\/8899","targetHints":{"allow":["GET"]}}],"collection":[{"href":"https:\/\/imedconcept.com\/de\/wp-json\/wp\/v2\/product"}],"about":[{"href":"https:\/\/imedconcept.com\/de\/wp-json\/wp\/v2\/types\/product"}],"wp:featuredmedia":[{"embeddable":true,"href":"https:\/\/imedconcept.com\/de\/wp-json\/wp\/v2\/media\/8074"}],"wp:attachment":[{"href":"https:\/\/imedconcept.com\/de\/wp-json\/wp\/v2\/media?parent=8899"}],"wp:term":[{"taxonomy":"product_brand","embeddable":true,"href":"https:\/\/imedconcept.com\/de\/wp-json\/wp\/v2\/product_brand?post=8899"},{"taxonomy":"product_cat","embeddable":true,"href":"https:\/\/imedconcept.com\/de\/wp-json\/wp\/v2\/product_cat?post=8899"},{"taxonomy":"product_tag","embeddable":true,"href":"https:\/\/imedconcept.com\/de\/wp-json\/wp\/v2\/product_tag?post=8899"}],"curies":[{"name":"wp","href":"https:\/\/api.w.org\/{rel}","templated":true}]}}