{"id":8903,"date":"2020-05-06T14:47:25","date_gmt":"2020-05-06T12:47:25","guid":{"rendered":"https:\/\/imedconcept.com\/service\/holter-cisnieniowy\/"},"modified":"2023-02-15T12:11:34","modified_gmt":"2023-02-15T11:11:34","slug":"druckholter","status":"publish","type":"product","link":"https:\/\/imedconcept.com\/de\/bedienung\/druckholter\/","title":{"rendered":"Druckholter"},"content":{"rendered":"<div class=\"wpb-content-wrapper\"><p>[vc_row][vc_column][vc_column_text text_larger=&#8220;no&#8220; woodmart_inline=&#8220;no&#8220;]<strong>24-Stunden-Druckschreiber:<\/strong> misst indirekt den Druck in gro\u00dfen Arterien. Normalerweise wird der Druck in der Arteria brachialis gemessen. Bei der Blutdruckmessung werden systolischer und diastolischer Druck unterschieden. Nach den Richtlinien der European Society of Cardiology erlauben Werte \u00fcber 140 mmHg f\u00fcr den systolischen Druck und 90 mmHg f\u00fcr den diastolischen Druck die Diagnose <strong>Hypertonie. <\/strong>Wir unterscheiden zwischen Bluthochdruck, der nur systolisch, diastolisch oder beides betrifft. Basierend auf diesen Ergebnissen kann ein spezialisierter Kardiologe eine geeignete pharmakologische Behandlung durchf\u00fchren und eine \u00c4nderung des Lebensstils und der Ern\u00e4hrung empfehlen, um den Blutdruck zu stabilisieren. Als &#8222;optimaler&#8220; Blutdruck gilt 120\/80 mmHg. Bei deutlich erh\u00f6htem Druck kann es vorkommen <strong>Herzinfarkt, Schlaganfall <\/strong>oder andere lebensbedrohliche Komplikationen. Es wird empfohlen, den Blutdruck zu Hause regelm\u00e4\u00dfig zu kontrollieren und im Abstand von mehreren Monaten einen Druckschreibertest durchzuf\u00fchren. Das Testergebnis wird von einem Techniker erstellt &#8211; der Kardiologe erh\u00e4lt seine vollst\u00e4ndige Beschreibung und Statistik der Messunregelm\u00e4\u00dfigkeiten.[\/vc_column_text][\/vc_column][\/vc_row]<\/p>\n<\/div>","protected":false},"excerpt":{"rendered":"<p><strong>24-Stunden-Druckschreiber:<\/strong> misst indirekt den Druck in gro\u00dfen Arterien. Normalerweise wird der Druck in der Arteria brachialis gemessen. Bei der Blutdruckmessung werden systolischer und diastolischer Druck unterschieden. Nach den Leitlinien der European Society of Cardiology erm\u00f6glichen Werte \u00fcber 140 mmHg f\u00fcr den systolischen Druck und 90 mmHg f\u00fcr den diastolischen Druck die Diagnose einer arteriellen <strong>Hypertonie<\/strong>.<\/p>\n<ul>\n<li>(jeder weitere Tag + 100 PLN)<\/li>\n<\/ul>\n","protected":false},"featured_media":5747,"template":"","meta":[],"product_brand":[],"product_cat":[89,86,131],"product_tag":[],"class_list":{"0":"post-8903","1":"product","2":"type-product","3":"status-publish","4":"has-post-thumbnail","6":"product_cat-holter-de","7":"product_cat-medizinische-untersuchung","8":"product_cat-medizinischer-dienst","10":"first","11":"instock","12":"taxable","13":"shipping-taxable","14":"purchasable","15":"product-type-simple"},"_links":{"self":[{"href":"https:\/\/imedconcept.com\/de\/wp-json\/wp\/v2\/product\/8903","targetHints":{"allow":["GET"]}}],"collection":[{"href":"https:\/\/imedconcept.com\/de\/wp-json\/wp\/v2\/product"}],"about":[{"href":"https:\/\/imedconcept.com\/de\/wp-json\/wp\/v2\/types\/product"}],"wp:featuredmedia":[{"embeddable":true,"href":"https:\/\/imedconcept.com\/de\/wp-json\/wp\/v2\/media\/5747"}],"wp:attachment":[{"href":"https:\/\/imedconcept.com\/de\/wp-json\/wp\/v2\/media?parent=8903"}],"wp:term":[{"taxonomy":"product_brand","embeddable":true,"href":"https:\/\/imedconcept.com\/de\/wp-json\/wp\/v2\/product_brand?post=8903"},{"taxonomy":"product_cat","embeddable":true,"href":"https:\/\/imedconcept.com\/de\/wp-json\/wp\/v2\/product_cat?post=8903"},{"taxonomy":"product_tag","embeddable":true,"href":"https:\/\/imedconcept.com\/de\/wp-json\/wp\/v2\/product_tag?post=8903"}],"curies":[{"name":"wp","href":"https:\/\/api.w.org\/{rel}","templated":true}]}}