{"id":8907,"date":"2020-05-06T14:47:25","date_gmt":"2020-05-06T12:47:25","guid":{"rendered":"https:\/\/imedconcept.com\/service\/ekg-spoczynkowe\/"},"modified":"2022-03-04T09:55:50","modified_gmt":"2022-03-04T08:55:50","slug":"ekg-ruhe","status":"publish","type":"product","link":"https:\/\/imedconcept.com\/de\/bedienung\/ekg-ruhe\/","title":{"rendered":"EKG-Ruhe"},"content":{"rendered":"<div class=\"wpb-content-wrapper\"><p>[vc_row][vc_column][vc_column_text text_larger=&#8220;nie&#8220; woodmart_inline=&#8220;no&#8220;]<strong>Das Ruhe-EKG<\/strong> ist die grundlegende Aufzeichnung der elektrischen Ver\u00e4nderungen, die im Herzmuskel w\u00e4hrend der Kontraktion und Diastole auftreten. Bei einem normalen Herzen ist die Quelle elektrischer Impulse normalerweise der Sinusknoten, der diesen Impuls erzeugt und durch das Fasernetzwerk innerhalb des Herzmuskels geleitet wird, wodurch sich der Muskel zusammenzieht. Damit k\u00f6nnen Sie das sogenannte &#8222;Herzwurf&#8220;, oder Blut, zur gr\u00f6\u00dften Arterie in unserem K\u00f6rper &#8211; der Aorta. Dieses wiederum transportiert Blut durch ein Netzwerk anderer Arterien zu allen Organen unseres K\u00f6rpers. Das ordnungsgem\u00e4\u00dfe Funktionieren dieses Systems ist f\u00fcr die Kontraktion der Herzkammer erforderlich, die das Leben f\u00fcr uns alle sichert. Ernsthafte Komplikationen, einschlie\u00dflich Herzrhythmusst\u00f6rungen, die einen Herz-Kreislauf-Stillstand bedrohen, k\u00f6nnen auftreten, wenn Ver\u00e4nderungen im Elektrokardiogramm auftreten, die seine ordnungsgem\u00e4\u00dfe Funktion beeintr\u00e4chtigen. Das elektrische Bild des Herzens kann mit Hilfe von Elektroden nicht-invasiv in Form eines Elektrokardiogramms aufgezeichnet werden, das es dem Kardiologen erm\u00f6glicht, seine ordnungsgem\u00e4\u00dfe Funktion zu beurteilen.<\/p>\n<p><strong>Der Test erm\u00f6glicht:<\/strong><\/p>\n<ul>\n<li>Aufzeichnung von Rhythmus und Leitf\u00e4higkeit,<\/li>\n<li>Beurteilung der Arbeit des Herzschrittmachers,<\/li>\n<li>Anomalien der Blutversorgung des Herzmuskels, einschlie\u00dflich der Diagnose eines Myokardinfarkts,<\/li>\n<li>es ist oft hilfreich bei der Beurteilung von Ver\u00e4nderungen im Herzen, die mit anderen Zust\u00e4nden als Herzerkrankungen verbunden sind.<\/li>\n<\/ul>\n<p>[\/vc_column_text][\/vc_column][\/vc_row]<\/p>\n<\/div>","protected":false},"excerpt":{"rendered":"<p><strong>Ruhe-EKG:<\/strong> ist die grundlegende Aufzeichnung der elektrischen Ver\u00e4nderungen, die im Herzmuskel w\u00e4hrend der Kontraktion und Diastole auftreten. Bei einem normalen Herzen ist die Quelle elektrischer Impulse normalerweise der Sinusknoten, der diesen Impuls erzeugt und durch das Fasernetzwerk innerhalb des Herzmuskels geleitet wird, wodurch sich der Muskel zusammenzieht. Damit k\u00f6nnen Sie das sogenannte &#8222;Herzprojektion&#8220; oder Blutabfluss auf die gr\u00f6\u00dfte Arterie in unserem K\u00f6rper &#8211; die Aorta. Dieses wiederum transportiert Blut durch ein Netzwerk anderer Arterien zu allen Organen unseres K\u00f6rpers. Das ordnungsgem\u00e4\u00dfe Funktionieren dieses Systems ist f\u00fcr die Kontraktion der Herzkammer erforderlich, die das Leben f\u00fcr uns alle sichert.<\/p>\n","protected":false},"featured_media":5741,"template":"","meta":[],"product_brand":[],"product_cat":[87,86,131],"product_tag":[],"class_list":{"0":"post-8907","1":"product","2":"type-product","3":"status-publish","4":"has-post-thumbnail","6":"product_cat-andere","7":"product_cat-medizinische-untersuchung","8":"product_cat-medizinischer-dienst","10":"first","11":"instock","12":"taxable","13":"shipping-taxable","14":"purchasable","15":"product-type-simple"},"_links":{"self":[{"href":"https:\/\/imedconcept.com\/de\/wp-json\/wp\/v2\/product\/8907","targetHints":{"allow":["GET"]}}],"collection":[{"href":"https:\/\/imedconcept.com\/de\/wp-json\/wp\/v2\/product"}],"about":[{"href":"https:\/\/imedconcept.com\/de\/wp-json\/wp\/v2\/types\/product"}],"wp:featuredmedia":[{"embeddable":true,"href":"https:\/\/imedconcept.com\/de\/wp-json\/wp\/v2\/media\/5741"}],"wp:attachment":[{"href":"https:\/\/imedconcept.com\/de\/wp-json\/wp\/v2\/media?parent=8907"}],"wp:term":[{"taxonomy":"product_brand","embeddable":true,"href":"https:\/\/imedconcept.com\/de\/wp-json\/wp\/v2\/product_brand?post=8907"},{"taxonomy":"product_cat","embeddable":true,"href":"https:\/\/imedconcept.com\/de\/wp-json\/wp\/v2\/product_cat?post=8907"},{"taxonomy":"product_tag","embeddable":true,"href":"https:\/\/imedconcept.com\/de\/wp-json\/wp\/v2\/product_tag?post=8907"}],"curies":[{"name":"wp","href":"https:\/\/api.w.org\/{rel}","templated":true}]}}