{"id":8912,"date":"2020-05-06T14:47:24","date_gmt":"2020-05-06T12:47:24","guid":{"rendered":"https:\/\/imedconcept.com\/service\/holter-ekg-48-godziny\/"},"modified":"2023-02-15T12:13:20","modified_gmt":"2023-02-15T11:13:20","slug":"ekg-holter-48-stunden","status":"publish","type":"product","link":"https:\/\/imedconcept.com\/de\/bedienung\/ekg-holter-48-stunden\/","title":{"rendered":"EKG-Holter 48 Stunden"},"content":{"rendered":"<div class=\"wpb-content-wrapper\"><p>[vc_row][vc_column][vc_column_text text_larger=&#8220;no&#8220; woodmart_inline=&#8220;no&#8220;]<strong>Langzeit-EKG:<\/strong> Der Test besteht aus einer <strong>48-st\u00fcndigen<\/strong> \u00dcberwachung des Herz-Elektrokardiogramms (EKG) w\u00e4hrend der t\u00e4glichen Aktivit\u00e4ten des Patienten und w\u00e4hrend des Schlafs. Es ist besonders angezeigt bei Patienten:<\/p>\n<ul>\n<li>mit Herzklopfen \/ unregelm\u00e4\u00dfigem Herzschlag (schnelle oder langsame Herzfrequenz in Ruhe und bei Einnahme von Medikamenten zur Verlangsamung der Herzfrequenz)<\/li>\n<li>zur Beurteilung von Herzrhythmusst\u00f6rungen im Patientenkollektiv nach Herzinfarkten, Koronareingriffen, vor und nach chirurgischen Eingriffen, Ablation,<\/li>\n<li>bei der Kontrolle von Patienten, die w\u00e4hrend einer medikament\u00f6sen Therapie wegen Arrhythmien behandelt wurden,<\/li>\n<li>die Arbeit des Herzschrittmachers zu beurteilen,<\/li>\n<li>bei Verdacht auf isch\u00e4mische Herzkrankheit.<\/li>\n<\/ul>\n<p>[\/vc_column_text][\/vc_column][\/vc_row]<\/p>\n<\/div>","protected":false},"excerpt":{"rendered":"<p><strong>Langzeit-EKG:<\/strong> Der Test besteht aus einer 48-st\u00fcndigen \u00dcberwachung des Herz-Elektrokardiogramms (EKG) w\u00e4hrend der t\u00e4glichen Aktivit\u00e4ten des Patienten und w\u00e4hrend des Schlafs.<\/p>\n","protected":false},"featured_media":5744,"template":"","meta":[],"product_brand":[],"product_cat":[89,86,131],"product_tag":[],"class_list":{"0":"post-8912","1":"product","2":"type-product","3":"status-publish","4":"has-post-thumbnail","6":"product_cat-holter-de","7":"product_cat-medizinische-untersuchung","8":"product_cat-medizinischer-dienst","10":"first","11":"instock","12":"taxable","13":"shipping-taxable","14":"purchasable","15":"product-type-simple"},"_links":{"self":[{"href":"https:\/\/imedconcept.com\/de\/wp-json\/wp\/v2\/product\/8912","targetHints":{"allow":["GET"]}}],"collection":[{"href":"https:\/\/imedconcept.com\/de\/wp-json\/wp\/v2\/product"}],"about":[{"href":"https:\/\/imedconcept.com\/de\/wp-json\/wp\/v2\/types\/product"}],"wp:featuredmedia":[{"embeddable":true,"href":"https:\/\/imedconcept.com\/de\/wp-json\/wp\/v2\/media\/5744"}],"wp:attachment":[{"href":"https:\/\/imedconcept.com\/de\/wp-json\/wp\/v2\/media?parent=8912"}],"wp:term":[{"taxonomy":"product_brand","embeddable":true,"href":"https:\/\/imedconcept.com\/de\/wp-json\/wp\/v2\/product_brand?post=8912"},{"taxonomy":"product_cat","embeddable":true,"href":"https:\/\/imedconcept.com\/de\/wp-json\/wp\/v2\/product_cat?post=8912"},{"taxonomy":"product_tag","embeddable":true,"href":"https:\/\/imedconcept.com\/de\/wp-json\/wp\/v2\/product_tag?post=8912"}],"curies":[{"name":"wp","href":"https:\/\/api.w.org\/{rel}","templated":true}]}}