{"id":8919,"date":"2020-05-06T14:47:23","date_gmt":"2020-05-06T12:47:23","guid":{"rendered":"https:\/\/imedconcept.com\/service\/echo-serca\/"},"modified":"2022-08-25T14:21:30","modified_gmt":"2022-08-25T12:21:30","slug":"das-echo-des-herzens","status":"publish","type":"product","link":"https:\/\/imedconcept.com\/de\/bedienung\/das-echo-des-herzens\/","title":{"rendered":"Das Echo des Herzens"},"content":{"rendered":"<div class=\"wpb-content-wrapper\"><p>[vc_row][vc_column][vc_column_text text_larger=&#8220;no&#8220; woodmart_inline=&#8220;no&#8220;]<strong>Echokardiographie:<\/strong> ist das grundlegende bildgebende Verfahren zur Untersuchung des Herzens und der Blutgef\u00e4\u00dfe mittels Ultraschall. Auf dem Bildschirm erhalten wir ein Bild, das sich aus der Reflexion von Ultraschallwellen an den untersuchten Strukturen im K\u00f6rperinneren ergibt. Auf nicht-invasive und sichere Weise f\u00fcr den Patienten erm\u00f6glicht es die Darstellung der anatomischen Strukturen des Herzens, der Klappenbewegung, der Beurteilung der Kontraktilit\u00e4t des Herzmuskels und des Blutflusses. Die Untersuchung erm\u00f6glicht auch die Darstellung gro\u00dfer Blutgef\u00e4\u00dfe, zu denen die Aorta, die Lungenarterien und die Hauptvenen geh\u00f6ren.<\/p>\n<p><strong>Die wichtigsten Indikationen f\u00fcr die Untersuchung sind:<\/strong><\/p>\n<ul>\n<li>Beurteilung der Kontraktilit\u00e4t des Herzmuskels: nach einem Herzinfarkt, interventionelle Verfahren bei stabilen Koronarerkrankungen (Angioplastie, Aorten-Koronar-Bypass-Operation (sog. &#8222;Bypass&#8220;), Myokarditis,<\/li>\n<li>Beurteilung der Herzklappenfunktion: Verengung oder Regurgitation,<\/li>\n<li>Beurteilung von angeborenen Herzfehlern,<\/li>\n<li>Beurteilung der Dilatation und Dysfunktion gro\u00dfer Gef\u00e4\u00dfe: (z. B. Aneurysma der Aorta ascendens, Dilatation der Hauptvenen, Pulmonalarterie),<\/li>\n<li>Nachsorge bei allen Patienten mit Herzinsuffizienz: Eine regelm\u00e4\u00dfige \u00dcberwachung ist notwendig, um einer Verschlechterung des Versagens entgegenzuwirken und das Risiko h\u00e4ufigerer Krankenhausaufenthalte zu verringern,<\/li>\n<li>Beurteilung bei Patienten mit Kardiomyopathie und anderen erworbenen Defekten,<\/li>\n<li>Beurteilung vor kardiologischen und nicht-kardialen Eingriffen (z. B. vor einer Operation),<\/li>\n<li>Beurteilung der richtigen Herzfunktion bei Sporttreibenden, einschlie\u00dflich Profisportlern,<\/li>\n<li>Beurteilung w\u00e4hrend der onkologischen Behandlung (vor der Operation, vor, w\u00e4hrend und nach Chemo- und Strahlentherapie),<\/li>\n<li>Der Test wird auch bei der Diagnose von Schwangeren ben\u00f6tigt.<\/li>\n<\/ul>\n<p>[\/vc_column_text][\/vc_column][\/vc_row]<\/p>\n<\/div>","protected":false},"excerpt":{"rendered":"<p><strong>Echokardiographie:<\/strong> ist das grundlegende bildgebende Verfahren zur Untersuchung des Herzens und der Blutgef\u00e4\u00dfe mittels Ultraschall. Auf dem Bildschirm erhalten wir ein Bild, das sich aus der Reflexion von Ultraschallwellen an den untersuchten Strukturen im K\u00f6rperinneren ergibt. Auf nicht-invasive und sichere Weise f\u00fcr den Patienten erm\u00f6glicht es die Darstellung der anatomischen Strukturen des Herzens, der Klappenbewegung, der Beurteilung der Kontraktilit\u00e4t des Herzmuskels und des Blutflusses. Die Untersuchung erm\u00f6glicht auch die Darstellung gro\u00dfer Blutgef\u00e4\u00dfe, zu denen die Aorta, die Lungenarterien und die Hauptvenen geh\u00f6ren.<\/p>\n","protected":false},"featured_media":5738,"template":"","meta":[],"product_brand":[],"product_cat":[87,86,131],"product_tag":[],"class_list":{"0":"post-8919","1":"product","2":"type-product","3":"status-publish","4":"has-post-thumbnail","6":"product_cat-andere","7":"product_cat-medizinische-untersuchung","8":"product_cat-medizinischer-dienst","10":"first","11":"instock","12":"taxable","13":"shipping-taxable","14":"purchasable","15":"product-type-simple"},"_links":{"self":[{"href":"https:\/\/imedconcept.com\/de\/wp-json\/wp\/v2\/product\/8919","targetHints":{"allow":["GET"]}}],"collection":[{"href":"https:\/\/imedconcept.com\/de\/wp-json\/wp\/v2\/product"}],"about":[{"href":"https:\/\/imedconcept.com\/de\/wp-json\/wp\/v2\/types\/product"}],"wp:featuredmedia":[{"embeddable":true,"href":"https:\/\/imedconcept.com\/de\/wp-json\/wp\/v2\/media\/5738"}],"wp:attachment":[{"href":"https:\/\/imedconcept.com\/de\/wp-json\/wp\/v2\/media?parent=8919"}],"wp:term":[{"taxonomy":"product_brand","embeddable":true,"href":"https:\/\/imedconcept.com\/de\/wp-json\/wp\/v2\/product_brand?post=8919"},{"taxonomy":"product_cat","embeddable":true,"href":"https:\/\/imedconcept.com\/de\/wp-json\/wp\/v2\/product_cat?post=8919"},{"taxonomy":"product_tag","embeddable":true,"href":"https:\/\/imedconcept.com\/de\/wp-json\/wp\/v2\/product_tag?post=8919"}],"curies":[{"name":"wp","href":"https:\/\/api.w.org\/{rel}","templated":true}]}}