{"id":8924,"date":"2020-05-06T14:47:22","date_gmt":"2020-05-06T12:47:22","guid":{"rendered":"https:\/\/imedconcept.com\/service\/usg-konczyn-dolnych-jedna-konczyna\/"},"modified":"2022-03-04T09:55:51","modified_gmt":"2022-03-04T08:55:51","slug":"ultraschall-der-unteren-extremitaeten-eine-extremitaet","status":"publish","type":"product","link":"https:\/\/imedconcept.com\/de\/bedienung\/ultraschall-der-unteren-extremitaeten-eine-extremitaet\/","title":{"rendered":"Ultraschall der unteren Extremit\u00e4ten &#8211; eine Extremit\u00e4t"},"content":{"rendered":"<div class=\"wpb-content-wrapper\"><p>[vc_row][vc_column][vc_column_text text_larger=&#8220;no&#8220; woodmart_inline=&#8220;no&#8220;]<strong>Ultraschall der Arterien der unteren Extremit\u00e4ten:<\/strong> Dies ist ein grundlegender diagnostischer Test mit Ultraschall, der es erm\u00f6glicht, den Verlauf der Arterien zu bestimmen, den Blutfluss und das Fortschreiten des atherosklerotischen Prozesses zu beurteilen.<\/p>\n<p><strong>Wir empfehlen, den Test durchzuf\u00fchren, um Folgendes zu bewerten:<\/strong><\/p>\n<ul>\n<li>atherosklerotischer Prozess in den unteren Gliedma\u00dfen (besonders wichtig f\u00fcr Raucher!),<\/li>\n<li>Schmerzen in den Extremit\u00e4ten, insbesondere verst\u00e4rkt durch Bewegung<\/li>\n<li>Taubheit und Frieren der Gliedma\u00dfen,<\/li>\n<li>bei unsachgem\u00e4\u00dfer Wundheilung an den unteren Gliedma\u00dfen,<\/li>\n<li>Kontrolle nach Angioplastie, Gef\u00e4\u00dfchirurgie.<\/li>\n<\/ul>\n<p>[\/vc_column_text][\/vc_column][\/vc_row]<\/p>\n<\/div>","protected":false},"excerpt":{"rendered":"<p><strong>Ultraschall der Arterien der unteren Extremit\u00e4ten:<\/strong> Dies ist ein grundlegender diagnostischer Test mit Ultraschall, der es erm\u00f6glicht, den Verlauf der Arterien zu bestimmen, den Blutfluss und das Fortschreiten des atherosklerotischen Prozesses zu beurteilen.<\/p>\n","protected":false},"featured_media":5735,"template":"","meta":[],"product_brand":[],"product_cat":[86,131,91],"product_tag":[],"class_list":{"0":"post-8924","1":"product","2":"type-product","3":"status-publish","4":"has-post-thumbnail","6":"product_cat-medizinische-untersuchung","7":"product_cat-medizinischer-dienst","8":"product_cat-usg-de","10":"first","11":"instock","12":"taxable","13":"shipping-taxable","14":"purchasable","15":"product-type-simple"},"_links":{"self":[{"href":"https:\/\/imedconcept.com\/de\/wp-json\/wp\/v2\/product\/8924","targetHints":{"allow":["GET"]}}],"collection":[{"href":"https:\/\/imedconcept.com\/de\/wp-json\/wp\/v2\/product"}],"about":[{"href":"https:\/\/imedconcept.com\/de\/wp-json\/wp\/v2\/types\/product"}],"wp:featuredmedia":[{"embeddable":true,"href":"https:\/\/imedconcept.com\/de\/wp-json\/wp\/v2\/media\/5735"}],"wp:attachment":[{"href":"https:\/\/imedconcept.com\/de\/wp-json\/wp\/v2\/media?parent=8924"}],"wp:term":[{"taxonomy":"product_brand","embeddable":true,"href":"https:\/\/imedconcept.com\/de\/wp-json\/wp\/v2\/product_brand?post=8924"},{"taxonomy":"product_cat","embeddable":true,"href":"https:\/\/imedconcept.com\/de\/wp-json\/wp\/v2\/product_cat?post=8924"},{"taxonomy":"product_tag","embeddable":true,"href":"https:\/\/imedconcept.com\/de\/wp-json\/wp\/v2\/product_tag?post=8924"}],"curies":[{"name":"wp","href":"https:\/\/api.w.org\/{rel}","templated":true}]}}