{"id":8943,"date":"2020-04-06T14:44:25","date_gmt":"2020-04-06T12:44:25","guid":{"rendered":"https:\/\/imedconcept.com\/service\/konsultacja-ekspresowa\/"},"modified":"2022-03-04T09:55:52","modified_gmt":"2022-03-04T08:55:52","slug":"e-beratung-express","status":"publish","type":"product","link":"https:\/\/imedconcept.com\/de\/bedienung\/e-beratung-express\/","title":{"rendered":"E-Beratung Express"},"content":{"rendered":"","protected":false},"excerpt":{"rendered":"<p>Um den Erwartungen unserer Patienten gerecht zu werden, bieten wir in dringenden und dringenden F\u00e4llen oder in F\u00e4llen, in denen eine sofortige Konsultation erforderlich ist, die M\u00f6glichkeit, <strong>die sog ausdr\u00fcckliche Beratung<\/strong>.<\/p>\n<p>Express-Beratung ist <strong>eine Beratung au\u00dferhalb der im Kalender<\/strong> angegebenen Beratungstermine, die auf den n\u00e4chstm\u00f6glichen, vom Arzt festgelegten Zusatztermin nach der durch das Registrierungspersonal best\u00e4tigten Verf\u00fcgbarkeit f\u00e4llt.<\/p>\n<p>Die Anzahl der verf\u00fcgbaren Express-Sprechstunden ist begrenzt, nur f\u00fcr dringende F\u00e4lle reserviert und wird auf Wunsch des Patienten organisiert. <strong>In dringenden F\u00e4llen, in dringenden F\u00e4llen oder wenn eine sofortige Beratung erforderlich ist, empfehlen wir Ihnen, diese Option zu nutzen.<\/strong><\/p>\n<p><strong><span style=\"color: #ff0000;\">Um eine Express-Beratung zu vereinbaren, wenden Sie sich bitte an die Registrierung.<\/span><\/strong><\/p>\n<ul>\n<li><span style=\"color: #ff0000;\">Der Beratungstermin wird telefonisch festgelegt!<\/span><\/li>\n<li><span style=\"color: #ff0000;\">Um eine E-Konsultation durchzuf\u00fchren, loggen Sie sich ein und gehen Sie dann auf die Registerkarte &#8222;E-Konsultation&#8220; (auf der Seite &#8222;Mein Konto&#8220;).<\/span><\/li>\n<\/ul>\n","protected":false},"featured_media":5795,"template":"","meta":[],"product_brand":[],"product_cat":[85,131],"product_tag":[],"class_list":{"0":"post-8943","1":"product","2":"type-product","3":"status-publish","4":"has-post-thumbnail","6":"product_cat-e-konsultationen","7":"product_cat-medizinischer-dienst","9":"first","10":"instock","11":"sold-individually","12":"taxable","13":"shipping-taxable","14":"purchasable","15":"product-type-simple"},"_links":{"self":[{"href":"https:\/\/imedconcept.com\/de\/wp-json\/wp\/v2\/product\/8943","targetHints":{"allow":["GET"]}}],"collection":[{"href":"https:\/\/imedconcept.com\/de\/wp-json\/wp\/v2\/product"}],"about":[{"href":"https:\/\/imedconcept.com\/de\/wp-json\/wp\/v2\/types\/product"}],"wp:featuredmedia":[{"embeddable":true,"href":"https:\/\/imedconcept.com\/de\/wp-json\/wp\/v2\/media\/5795"}],"wp:attachment":[{"href":"https:\/\/imedconcept.com\/de\/wp-json\/wp\/v2\/media?parent=8943"}],"wp:term":[{"taxonomy":"product_brand","embeddable":true,"href":"https:\/\/imedconcept.com\/de\/wp-json\/wp\/v2\/product_brand?post=8943"},{"taxonomy":"product_cat","embeddable":true,"href":"https:\/\/imedconcept.com\/de\/wp-json\/wp\/v2\/product_cat?post=8943"},{"taxonomy":"product_tag","embeddable":true,"href":"https:\/\/imedconcept.com\/de\/wp-json\/wp\/v2\/product_tag?post=8943"}],"curies":[{"name":"wp","href":"https:\/\/api.w.org\/{rel}","templated":true}]}}