{"id":8951,"date":"2021-05-21T10:06:16","date_gmt":"2021-05-21T08:06:16","guid":{"rendered":"https:\/\/imedconcept.com\/service\/zakup-urzadzenia-kardiamobile-6l-na-wlasnosc\/"},"modified":"2022-11-21T14:26:34","modified_gmt":"2022-11-21T13:26:34","slug":"kauf-des-kardiamobile-6l-geraets-im-besitz","status":"publish","type":"product","link":"https:\/\/imedconcept.com\/de\/bedienung\/kauf-des-kardiamobile-6l-geraets-im-besitz\/","title":{"rendered":"Kauf des KardiaMobile\u00ae 6L-Ger\u00e4ts (im Besitz)"},"content":{"rendered":"","protected":false},"excerpt":{"rendered":"<p><em><span style=\"color: #5aa1e3;\">Richtpreis (Wird nach dem PLN-Wechselkurs in Ihrem Land umgerechnet)<\/span><\/em><\/p>\n<p>KardiaMobile\u00ae erkennt Vorhofflimmern, Bradykardie, Tachykardie und normalen Herzrhythmus. Bietet dem Arzt detailliertere Informationen \u00fcber das Herz. Es bietet \u00c4rzten Einblicke in einige Herzrhythmusst\u00f6rungen, die Hauptindikatoren f\u00fcr Herz-Kreislauf-Erkrankungen sind<\/p>\n","protected":false},"featured_media":9980,"template":"","meta":[],"product_brand":[],"product_cat":[160],"product_tag":[],"class_list":{"0":"post-8951","1":"product","2":"type-product","3":"status-publish","4":"has-post-thumbnail","6":"product_cat-kardiologische-ueberwachung","8":"first","9":"instock","10":"sold-individually","11":"taxable","12":"shipping-taxable","13":"purchasable","14":"product-type-simple"},"_links":{"self":[{"href":"https:\/\/imedconcept.com\/de\/wp-json\/wp\/v2\/product\/8951","targetHints":{"allow":["GET"]}}],"collection":[{"href":"https:\/\/imedconcept.com\/de\/wp-json\/wp\/v2\/product"}],"about":[{"href":"https:\/\/imedconcept.com\/de\/wp-json\/wp\/v2\/types\/product"}],"wp:featuredmedia":[{"embeddable":true,"href":"https:\/\/imedconcept.com\/de\/wp-json\/wp\/v2\/media\/9980"}],"wp:attachment":[{"href":"https:\/\/imedconcept.com\/de\/wp-json\/wp\/v2\/media?parent=8951"}],"wp:term":[{"taxonomy":"product_brand","embeddable":true,"href":"https:\/\/imedconcept.com\/de\/wp-json\/wp\/v2\/product_brand?post=8951"},{"taxonomy":"product_cat","embeddable":true,"href":"https:\/\/imedconcept.com\/de\/wp-json\/wp\/v2\/product_cat?post=8951"},{"taxonomy":"product_tag","embeddable":true,"href":"https:\/\/imedconcept.com\/de\/wp-json\/wp\/v2\/product_tag?post=8951"}],"curies":[{"name":"wp","href":"https:\/\/api.w.org\/{rel}","templated":true}]}}