{"id":8955,"date":"2022-01-01T10:00:25","date_gmt":"2022-01-01T09:00:25","guid":{"rendered":"https:\/\/imedconcept.com\/service\/usluga-zdalnego-monitoringu-kardiologicznego-30-dni-wlasne-urzadzenie\/"},"modified":"2022-03-04T11:13:51","modified_gmt":"2022-03-04T10:13:51","slug":"30-tage-herz-fernueberwachungsservice-eigenes-geraet","status":"publish","type":"product","link":"https:\/\/imedconcept.com\/de\/bedienung\/30-tage-herz-fernueberwachungsservice-eigenes-geraet\/","title":{"rendered":"30 Tage Herz-Fern\u00fcberwachungsservice &#8211; eigenes Ger\u00e4t"},"content":{"rendered":"","protected":false},"excerpt":{"rendered":"<p>Damit der iMedConcept-Dienst zur Herzfern\u00fcberwachung aktiv ist, verbinden Sie das Kardia Mobile-Ger\u00e4t, indem Sie in Ihrer Anwendung den &#8222;Arztcode&#8220; eingeben.<\/p>\n","protected":false},"featured_media":8588,"template":"","meta":[],"product_brand":[],"product_cat":[160],"product_tag":[],"class_list":{"0":"post-8955","1":"product","2":"type-product","3":"status-publish","4":"has-post-thumbnail","6":"product_cat-kardiologische-ueberwachung","8":"first","9":"instock","10":"sold-individually","11":"taxable","12":"shipping-taxable","13":"purchasable","14":"product-type-simple"},"_links":{"self":[{"href":"https:\/\/imedconcept.com\/de\/wp-json\/wp\/v2\/product\/8955","targetHints":{"allow":["GET"]}}],"collection":[{"href":"https:\/\/imedconcept.com\/de\/wp-json\/wp\/v2\/product"}],"about":[{"href":"https:\/\/imedconcept.com\/de\/wp-json\/wp\/v2\/types\/product"}],"wp:featuredmedia":[{"embeddable":true,"href":"https:\/\/imedconcept.com\/de\/wp-json\/wp\/v2\/media\/8588"}],"wp:attachment":[{"href":"https:\/\/imedconcept.com\/de\/wp-json\/wp\/v2\/media?parent=8955"}],"wp:term":[{"taxonomy":"product_brand","embeddable":true,"href":"https:\/\/imedconcept.com\/de\/wp-json\/wp\/v2\/product_brand?post=8955"},{"taxonomy":"product_cat","embeddable":true,"href":"https:\/\/imedconcept.com\/de\/wp-json\/wp\/v2\/product_cat?post=8955"},{"taxonomy":"product_tag","embeddable":true,"href":"https:\/\/imedconcept.com\/de\/wp-json\/wp\/v2\/product_tag?post=8955"}],"curies":[{"name":"wp","href":"https:\/\/api.w.org\/{rel}","templated":true}]}}