{"id":8961,"date":"2021-05-21T09:58:32","date_gmt":"2021-05-21T07:58:32","guid":{"rendered":"https:\/\/imedconcept.com\/service\/usluga-zdalnego-monitoringu-kardiologicznego-pierwsze-30-dni-kardiamobile-6l\/"},"modified":"2022-03-04T10:00:24","modified_gmt":"2022-03-04T09:00:24","slug":"fernueberwachung-des-herzens-kardiamobile-6l","status":"publish","type":"product","link":"https:\/\/imedconcept.com\/de\/bedienung\/fernueberwachung-des-herzens-kardiamobile-6l\/","title":{"rendered":"Fern\u00fcberwachung des Herzens + KardiaMobile\u00ae 6L"},"content":{"rendered":"","protected":false},"excerpt":{"rendered":"<p>Der iMedConcept-Dienst f\u00fcr die Herzfern\u00fcberwachung ist eine innovative L\u00f6sung, die darauf abzielt, die neueste Technologie auf dem Markt f\u00fcr Medizinprodukte zu nutzen und Ihre Sicherheit zu gew\u00e4hrleisten.<\/p>\n","protected":false},"featured_media":8582,"template":"","meta":[],"product_brand":[],"product_cat":[160],"product_tag":[],"class_list":{"0":"post-8961","1":"product","2":"type-product","3":"status-publish","4":"has-post-thumbnail","6":"product_cat-kardiologische-ueberwachung","8":"first","9":"instock","10":"sold-individually","11":"taxable","12":"shipping-taxable","13":"purchasable","14":"product-type-simple"},"_links":{"self":[{"href":"https:\/\/imedconcept.com\/de\/wp-json\/wp\/v2\/product\/8961","targetHints":{"allow":["GET"]}}],"collection":[{"href":"https:\/\/imedconcept.com\/de\/wp-json\/wp\/v2\/product"}],"about":[{"href":"https:\/\/imedconcept.com\/de\/wp-json\/wp\/v2\/types\/product"}],"wp:featuredmedia":[{"embeddable":true,"href":"https:\/\/imedconcept.com\/de\/wp-json\/wp\/v2\/media\/8582"}],"wp:attachment":[{"href":"https:\/\/imedconcept.com\/de\/wp-json\/wp\/v2\/media?parent=8961"}],"wp:term":[{"taxonomy":"product_brand","embeddable":true,"href":"https:\/\/imedconcept.com\/de\/wp-json\/wp\/v2\/product_brand?post=8961"},{"taxonomy":"product_cat","embeddable":true,"href":"https:\/\/imedconcept.com\/de\/wp-json\/wp\/v2\/product_cat?post=8961"},{"taxonomy":"product_tag","embeddable":true,"href":"https:\/\/imedconcept.com\/de\/wp-json\/wp\/v2\/product_tag?post=8961"}],"curies":[{"name":"wp","href":"https:\/\/api.w.org\/{rel}","templated":true}]}}