{"id":9954,"date":"2022-01-06T12:31:40","date_gmt":"2022-01-06T11:31:40","guid":{"rendered":"https:\/\/imedconcept.com\/?post_type=product&#038;p=9954"},"modified":"2022-03-04T10:00:23","modified_gmt":"2022-03-04T09:00:23","slug":"6-monate-herz-fernueberwachungsservice-eigenes-geraet","status":"publish","type":"product","link":"https:\/\/imedconcept.com\/de\/bedienung\/6-monate-herz-fernueberwachungsservice-eigenes-geraet\/","title":{"rendered":"6 Monate Herz-Fern\u00fcberwachungsservice &#8211; eigenes Ger\u00e4t"},"content":{"rendered":"","protected":false},"excerpt":{"rendered":"<p>Damit der iMedConcept-Dienst zur Herzfern\u00fcberwachung aktiv ist, verbinden Sie das Kardia Mobile-Ger\u00e4t, indem Sie in Ihrer Anwendung den &#8222;Arztcode&#8220; eingeben.<\/p>\n","protected":false},"featured_media":9965,"template":"","meta":[],"product_brand":[],"product_cat":[160],"product_tag":[],"class_list":{"0":"post-9954","1":"product","2":"type-product","3":"status-publish","4":"has-post-thumbnail","6":"product_cat-kardiologische-ueberwachung","8":"first","9":"instock","10":"taxable","11":"shipping-taxable","12":"purchasable","13":"product-type-simple"},"_links":{"self":[{"href":"https:\/\/imedconcept.com\/de\/wp-json\/wp\/v2\/product\/9954","targetHints":{"allow":["GET"]}}],"collection":[{"href":"https:\/\/imedconcept.com\/de\/wp-json\/wp\/v2\/product"}],"about":[{"href":"https:\/\/imedconcept.com\/de\/wp-json\/wp\/v2\/types\/product"}],"wp:featuredmedia":[{"embeddable":true,"href":"https:\/\/imedconcept.com\/de\/wp-json\/wp\/v2\/media\/9965"}],"wp:attachment":[{"href":"https:\/\/imedconcept.com\/de\/wp-json\/wp\/v2\/media?parent=9954"}],"wp:term":[{"taxonomy":"product_brand","embeddable":true,"href":"https:\/\/imedconcept.com\/de\/wp-json\/wp\/v2\/product_brand?post=9954"},{"taxonomy":"product_cat","embeddable":true,"href":"https:\/\/imedconcept.com\/de\/wp-json\/wp\/v2\/product_cat?post=9954"},{"taxonomy":"product_tag","embeddable":true,"href":"https:\/\/imedconcept.com\/de\/wp-json\/wp\/v2\/product_tag?post=9954"}],"curies":[{"name":"wp","href":"https:\/\/api.w.org\/{rel}","templated":true}]}}