{"id":4999,"date":"2020-04-02T08:20:00","date_gmt":"2020-04-02T06:20:00","guid":{"rendered":"https:\/\/imedconcept.com\/?page_id=4999"},"modified":"2020-06-25T13:00:47","modified_gmt":"2020-06-25T11:00:47","slug":"patients-rights-and-obligations","status":"publish","type":"page","link":"https:\/\/imedconcept.com\/en\/patients-rights-and-obligations\/","title":{"rendered":"Patient&#8217;s rights and obligations"},"content":{"rendered":"<div class=\"wpb-content-wrapper\"><p>[vc_row css=&#8221;.vc_custom_1585807664976{border-top-width: 1px !important;border-right-width: 1px !important;border-bottom-width: 1px !important;border-left-width: 1px !important;padding-left: 15px !important;border-left-color: #e5e5e5 !important;border-left-style: solid !important;border-right-color: #e5e5e5 !important;border-right-style: solid !important;border-top-color: #e5e5e5 !important;border-top-style: solid !important;border-bottom-color: #e5e5e5 !important;border-bottom-style: solid !important;}&#8221; mobile_bg_img_hidden=&#8221;no&#8221; tablet_bg_img_hidden=&#8221;no&#8221; woodmart_parallax=&#8221;0&#8243; woodmart_gradient_switch=&#8221;no&#8221; row_reverse_mobile=&#8221;0&#8243; row_reverse_tablet=&#8221;0&#8243; woodmart_disable_overflow=&#8221;0&#8243;][vc_column][vc_column_text text_larger=&#8221;no&#8221;]<\/p>\n<h3>Prawa pacjenta<\/h3>\n<h4>I. Prawo Pacjenta do \u015bwiadcze\u0144 zdrowotnych<\/h4>\n<ol>\n<li>Pacjent ma prawo do \u015bwiadcze\u0144 zdrowotnych odpowiadaj\u0105cych wymaganiom aktualnej wiedzy medycznej.<\/li>\n<li>Pacjent ma prawo do natychmiastowego udzielenia \u015bwiadcze\u0144 zdrowotnych ze wzgl\u0119du na zagro\u017cenie zdrowia lub \u017cycia.<\/li>\n<\/ol>\n<h4>II. Prawo Pacjenta do informacji<\/h4>\n<ol>\n<li>Pacjent lub jego przedstawiciel ustawowy ma prawo do uzyskania przyst\u0119pnej informacji od lekarza o swoim stanie zdrowia, rozpoznaniu, proponowanych oraz mo\u017cliwych metodach diagnostycznych, leczniczych, daj\u0105cych si\u0119 przewidzie\u0107 nast\u0119pstwach ich zastosowania albo zaniechania, wynikach leczenia, rokowaniu.<\/li>\n<li>Lekarz mo\u017ce by\u0107 zwolniony z tego obowi\u0105zku wy\u0142\u0105cznie na \u017c\u0105danie pacjenta.<\/li>\n<li>Lekarz mo\u017ce udziela\u0107 powy\u017cszych informacji innym osobom tylko za zgod\u0105 Pacjenta.<\/li>\n<\/ol>\n<h4>III. Prawo do tajemnicy informacji z nim zwi\u0105zanych<\/h4>\n<ol>\n<li>Osoby wykonuj\u0105ce zaw\u00f3d medyczny s\u0105 zobowi\u0105zane zachowa\u0107 w tajemnicy informacje zwi\u0105zane z Pacjentem, w szczeg\u00f3lno\u015bci ze stanem zdrowia pacjenta (obowi\u0105zku tego nie stosuje si\u0119, gdy Pacjent lub jego przedstawiciel ustawowy wyra\u017ca zgod\u0119 na ujawnienie tajemnicy)<\/li>\n<li>Osoby wykonuj\u0105ce zaw\u00f3d medyczny, udzielaj\u0105ce \u015bwiadcze\u0144 zdrowotnych s\u0105 zwi\u0105zane tajemnic\u0105 r\u00f3wnie\u017c po \u015bmierci Pacjenta.<\/li>\n<\/ol>\n<h4>IV. Prawo Pacjenta do wyra\u017cania zgody na udzielenie \u015bwiadcze\u0144 zdrowotnych<\/h4>\n<ol>\n<li>Pacjent ma prawo do wyra\u017cenia zgody na udzielenie okre\u015blonych \u015bwiadcze\u0144 zdrowotnych lub odmowy takiej zgody po uzyskaniu odpowiedniej informacji.<\/li>\n<li>Pacjent, w tym ma\u0142oletni, kt\u00f3ry uko\u0144czy\u0142 16 lat, ma prawo do wyra\u017cenia zgody na przeprowadzenie badania lub udzielnie innych \u015bwiadcze\u0144 zdrowotnych przez lekarza.<\/li>\n<li>W przypadku gdy Pacjentem jest osoba ma\u0142oletnia i nie ma z ni\u0105 przedstawiciela ustawowego, zgody na \u015bwiadczenia zdrowotne nie nios\u0105ce podwy\u017cszonego ryzyka dla \u017cycia lub zdrowia Pacjenta mo\u017ce udzieli\u0107 opiekun faktyczny Pacjenta.<\/li>\n<\/ol>\n<h4>V. Prawo do poszanowania intymno\u015bci i godno\u015bci Pacjenta<\/h4>\n<ol>\n<li>Pacjent ma prawo do poszanowania intymno\u015bci i godno\u015bci, w szczeg\u00f3lno\u015bci w czasie udzielania mu \u015bwiadcze\u0144 zdrowotnych.<\/li>\n<li>Przy udzielaniu \u015bwiadcze\u0144 zdrowotnych mo\u017ce by\u0107 obecna osoba bliska.<\/li>\n<\/ol>\n<h4>VI. Prawo Pacjenta do dost\u0119pu do dokumentacji medycznej<\/h4>\n<ol>\n<li>Pacjent ma prawo dost\u0119pu do dokumentacji medycznej dotycz\u0105cej jego stanu zdrowia oraz udzielonych mu \u015bwiadcze\u0144 zdrowotnych.<\/li>\n<li>Pacjent ma prawo do upowa\u017cnienia dowolnej osoby do udost\u0119pnienia jej dokumentacji medycznej Pacjenta.<\/li>\n<\/ol>\n<h4>VII. Prawo Pacjenta do ochrony jego danych osobowych<\/h4>\n<ol>\n<li>Pacjent ma prawo do zapewnienia ochrony danych zawartych w dokumentacji medycznej oraz innych zwi\u0105zanych z udzielaniem \u015bwiadcze\u0144 zdrowotnych.<\/li>\n<\/ol>\n<h4>VIII. Prawo Pacjenta do zg\u0142oszenia sprzeciwu wobec opinii albo orzeczenia lekarza<\/h4>\n<ol>\n<li>Pacjent lub jego przedstawiciel ustawowy mog\u0105 wnie\u015b\u0107 sprzeciw wobec opinii albo orzeczenia lekarza.<\/li>\n<\/ol>\n<h3><\/h3>\n<h3>I. Obowi\u0105zki Pacjenta<\/h3>\n<ol>\n<li>Pacjent powinien stosowa\u0107 si\u0119 do zalece\u0144 i wskaza\u0144 lekarzy, piel\u0119gniarek i innego personelu medycznego.<\/li>\n<li>W przypadku okre\u015blonych \u015bwiadcze\u0144 zdrowotnych Pacjent powinien si\u0119 do nich odpowiednio przygotowa\u0107. O sposobie przygotowania informuj\u0105, podczas rejestracji na \u015bwiadczenie zdrowotne, pracownicy recepcji Centrum Medycznego iMedConcept Informacje o sposobie przygotowania si\u0119 do \u015bwiadczenia zdrowotnego s\u0105 r\u00f3wnie\u017c podane na stronie internetowej Centrum Medycznego iMedConcept: www. imedconcept.com<\/li>\n<li>\u015awiadczeniami zdrowotnymi, kt\u00f3re wymagaj\u0105 uprzedniego przygotowania si\u0119 s\u0105: echo serca, badania USG (r\u00f3\u017cne rodzaje), badanie Holter EKG, badanie Holter ci\u015bnieniowy.<\/li>\n<\/ol>\n<p>[\/vc_column_text][vc_column_text css=&#8221;.vc_custom_1585811015850{border-top-width: 1px !important;padding-top: 20px !important;border-top-color: #efefef !important;border-top-style: solid !important;}&#8221; text_larger=&#8221;no&#8221;]<strong>Podstawy prawne:<\/strong><\/p>\n<p>Ustawa o ochronie danych osobowych z dnia 29 sierpnia 1997 roku (Dz. U. z 2014 r., poz. 1182 z p\u00f3\u017an. zm),<br \/>\nUstawa o prawach pacjenta i Rzeczniku praw Pacjenta z dnia 6 listopada 2008 r. (Dz. U. 2012.159 j.t. z po\u017an. zm.),<br \/>\nUstawa z dnia 27 sierpnia 2004 r. o \u015bwiadczeniach opieki zdrowotnej finansowanych ze \u015brodk\u00f3w publicznych (t.j. Dz. U. z 2015 r. poz. 581 z p\u00f3\u017an. zm.),<br \/>\nUstawa z dnia 15 kwietnia 2011 r. o dzia\u0142alno\u015bci leczniczej. (t.j. Dz. U. z 2015 r. poz. 618),<br \/>\nRozporz\u0105dzenie Ministra Zdrowia z dnia 21 grudnia 2010 roku w sprawie rodzaj\u00f3w i zakresu dokumentacji medycznej oraz sposobu jej przetwarzania (Dz. U. z 2014 r., poz. 177).<\/p>\n<p style=\"text-align: right;\">Aktualizacja: 02.04.2020<\/p>\n<p>[\/vc_column_text][\/vc_column][\/vc_row]<\/p>\n<\/div>","protected":false},"excerpt":{"rendered":"<p>[vc_row css=&#8221;.vc_custom_1585807664976{border-top-width: 1px !important;border-right-width: 1px !important;border-bottom-width: 1px !important;border-left-width: 1px !important;padding-left: 15px !important;border-left-color: #e5e5e5 !important;border-left-style: solid !important;border-right-color: #e5e5e5 !important;border-right-style: solid !important;border-top-color:<\/p>\n","protected":false},"author":1,"featured_media":0,"parent":0,"menu_order":0,"comment_status":"closed","ping_status":"closed","template":"","meta":{"footnotes":""},"class_list":["post-4999","page","type-page","status-publish","hentry"],"_links":{"self":[{"href":"https:\/\/imedconcept.com\/en\/wp-json\/wp\/v2\/pages\/4999","targetHints":{"allow":["GET"]}}],"collection":[{"href":"https:\/\/imedconcept.com\/en\/wp-json\/wp\/v2\/pages"}],"about":[{"href":"https:\/\/imedconcept.com\/en\/wp-json\/wp\/v2\/types\/page"}],"author":[{"embeddable":true,"href":"https:\/\/imedconcept.com\/en\/wp-json\/wp\/v2\/users\/1"}],"replies":[{"embeddable":true,"href":"https:\/\/imedconcept.com\/en\/wp-json\/wp\/v2\/comments?post=4999"}],"version-history":[{"count":0,"href":"https:\/\/imedconcept.com\/en\/wp-json\/wp\/v2\/pages\/4999\/revisions"}],"wp:attachment":[{"href":"https:\/\/imedconcept.com\/en\/wp-json\/wp\/v2\/media?parent=4999"}],"curies":[{"name":"wp","href":"https:\/\/api.w.org\/{rel}","templated":true}]}}